{"id":9946,"date":"2020-02-09T17:17:47","date_gmt":"2020-02-09T16:17:47","guid":{"rendered":"https:\/\/www.aikodesign.fr\/produit\/mozaiko-bancsoiblack\/"},"modified":"2025-01-29T23:56:32","modified_gmt":"2025-01-29T22:56:32","slug":"mozaiko-ban-c-soiblack","status":"publish","type":"product","link":"https:\/\/www.aikodesign.fr\/en\/produit\/mozaiko-ban-c-soiblack\/","title":{"rendered":"Mozaiko BANCSOIBLACK"},"content":{"rendered":"<p><span data-sheets-value=\"{\"1\":2,\"2\":\"Un format light, 2 rangements et 2 poches zipp\u00e9es pour emporter l'essentiel.nUne cha\u00eene r\u00e9glable pour une touche de finesse suppl\u00e9mentaire.nDimensions : 19x10x2 cmsnGamme : Lumineux !nLogo A\u00efkon\"}\" data-sheets-userformat=\"{\"2\":14785,\"3\":[null,2,\"_(\"$\"* #,##0.00_);_(\"$\"* (#,##0.00);_(\"$\"* \"-\"??_);_(@_)\",1],\"9\":0,\"10\":1,\"11\":4,\"14\":[null,2,0],\"15\":\"Calibri\",\"16\":9}\" data-sheets-formula=\"=RECHERCHEV(R[0]C[-2];forsale!R4C1:R324C20;6;FAUX)\">A light format, 2 storage compartments and 2 zipped pockets to carry the essentials.<br \/>\nDimensions: 19x10x2 cms<br \/>\nRange: Silk<br \/>\nColor: Black<br \/>\nBelt: 2.5 cms thick. Up to 117cm long<br \/>\nLogo A\u00efko  <\/span><\/p>\n","protected":false},"excerpt":{"rendered":"<p><span data-sheets-value=\"{\"1\":2,\"2\":\"Un format light, 2 rangements et 2 poches zipp\u00e9es pour emporter l'essentiel.nUne cha\u00eene r\u00e9glable pour une touche de finesse suppl\u00e9mentaire.nDimensions : 19x10x2 cmsnGamme : Lumineux !nLogo A\u00efkon\"}\" data-sheets-userformat=\"{\"2\":14785,\"3\":[null,2,\"_(\"$\"* #,##0.00_);_(\"$\"* (#,##0.00);_(\"$\"* \"-\"??_);_(@_)\",1],\"9\":0,\"10\":1,\"11\":4,\"14\":[null,2,0],\"15\":\"Calibri\",\"16\":9}\" data-sheets-formula=\"=RECHERCHEV(R[0]C[-2];forsale!R4C1:R324C20;6;FAUX)\">A light format, 2 storage compartments and 2 zipped pockets to carry the essentials.<br \/>\nDimensions: 19x10x2 cms<br \/>\nRange: Silk<br \/>\nColor: Black<br \/>\nBelt: 2.5 cms thick. Up to 117cm long<br \/>\nLogo A\u00efko  <\/span><\/p>\n<p><span data-sheets-value=\"{\"1\":2,\"2\":\"Un format light, 2 rangements et 2 poches zipp\u00e9es pour emporter l'essentiel.nUne cha\u00eene r\u00e9glable pour une touche de finesse suppl\u00e9mentaire.nDimensions : 19x10x2 cmsnGamme : Lumineux !nLogo A\u00efkon\"}\" data-sheets-userformat=\"{\"2\":14785,\"3\":[null,2,\"_(\"$\"* #,##0.00_);_(\"$\"* (#,##0.00);_(\"$\"* \"-\"??_);_(@_)\",1],\"9\":0,\"10\":1,\"11\":4,\"14\":[null,2,0],\"15\":\"Calibri\",\"16\":9}\" data-sheets-formula=\"=RECHERCHEV(R[0]C[-2];forsale!R4C1:R324C20;6;FAUX)\"> <\/span><\/p>\n","protected":false},"featured_media":9949,"template":"","meta":[],"product_brand":[],"product_cat":[265,249],"product_tag":[266,248,245,250,253],"class_list":{"0":"post-9946","1":"product","2":"type-product","3":"status-publish","4":"has-post-thumbnail","6":"product_cat-banana-bags","7":"product_cat-mozaiko-en","8":"product_tag-banana","9":"product_tag-black","10":"product_tag-geometric-en","11":"product_tag-mozaiko-en","12":"product_tag-vegan-en","14":"first","15":"instock","16":"taxable","17":"shipping-taxable","18":"purchasable","19":"product-type-simple"},"yoast_head":"<!-- This site is optimized with the Yoast SEO plugin v27.4 - https:\/\/yoast.com\/product\/yoast-seo-wordpress\/ -->\n<title>Mozaiko BANCSOIBLACK - A\u00efko<\/title>\n<meta name=\"robots\" content=\"index, follow, max-snippet:-1, max-image-preview:large, max-video-preview:-1\" \/>\n<link rel=\"canonical\" href=\"https:\/\/www.aikodesign.fr\/en\/produit\/mozaiko-ban-c-soiblack\/\" \/>\n<meta property=\"og:locale\" content=\"en_US\" \/>\n<meta property=\"og:type\" content=\"article\" \/>\n<meta property=\"og:title\" content=\"Mozaiko BANCSOIBLACK - A\u00efko\" \/>\n<meta property=\"og:url\" content=\"https:\/\/www.aikodesign.fr\/en\/produit\/mozaiko-ban-c-soiblack\/\" \/>\n<meta property=\"og:site_name\" content=\"A\u00efko\" \/>\n<meta property=\"article:modified_time\" content=\"2025-01-29T22:56:32+00:00\" \/>\n<meta property=\"og:image\" content=\"https:\/\/www.aikodesign.fr\/wp-content\/uploads\/2020\/02\/2022_12_02_0335c.jpg\" \/>\n\t<meta property=\"og:image:width\" content=\"1800\" \/>\n\t<meta property=\"og:image:height\" content=\"1800\" \/>\n\t<meta property=\"og:image:type\" content=\"image\/jpeg\" \/>\n<meta name=\"twitter:card\" content=\"summary_large_image\" \/>\n<script type=\"application\/ld+json\" class=\"yoast-schema-graph\">{\"@context\":\"https:\\\/\\\/schema.org\",\"@graph\":[{\"@type\":\"WebPage\",\"@id\":\"https:\\\/\\\/www.aikodesign.fr\\\/en\\\/produit\\\/mozaiko-ban-c-soiblack\\\/\",\"url\":\"https:\\\/\\\/www.aikodesign.fr\\\/en\\\/produit\\\/mozaiko-ban-c-soiblack\\\/\",\"name\":\"Mozaiko BANCSOIBLACK - A\u00efko\",\"isPartOf\":{\"@id\":\"https:\\\/\\\/www.aikodesign.fr\\\/en\\\/#website\"},\"primaryImageOfPage\":{\"@id\":\"https:\\\/\\\/www.aikodesign.fr\\\/en\\\/produit\\\/mozaiko-ban-c-soiblack\\\/#primaryimage\"},\"image\":{\"@id\":\"https:\\\/\\\/www.aikodesign.fr\\\/en\\\/produit\\\/mozaiko-ban-c-soiblack\\\/#primaryimage\"},\"thumbnailUrl\":\"https:\\\/\\\/i0.wp.com\\\/www.aikodesign.fr\\\/wp-content\\\/uploads\\\/2020\\\/02\\\/2022_12_02_0335c.jpg?fit=1800%2C1800&ssl=1\",\"datePublished\":\"2020-02-09T16:17:47+00:00\",\"dateModified\":\"2025-01-29T22:56:32+00:00\",\"breadcrumb\":{\"@id\":\"https:\\\/\\\/www.aikodesign.fr\\\/en\\\/produit\\\/mozaiko-ban-c-soiblack\\\/#breadcrumb\"},\"inLanguage\":\"en-US\",\"potentialAction\":[{\"@type\":\"ReadAction\",\"target\":[\"https:\\\/\\\/www.aikodesign.fr\\\/en\\\/produit\\\/mozaiko-ban-c-soiblack\\\/\"]}]},{\"@type\":\"ImageObject\",\"inLanguage\":\"en-US\",\"@id\":\"https:\\\/\\\/www.aikodesign.fr\\\/en\\\/produit\\\/mozaiko-ban-c-soiblack\\\/#primaryimage\",\"url\":\"https:\\\/\\\/i0.wp.com\\\/www.aikodesign.fr\\\/wp-content\\\/uploads\\\/2020\\\/02\\\/2022_12_02_0335c.jpg?fit=1800%2C1800&ssl=1\",\"contentUrl\":\"https:\\\/\\\/i0.wp.com\\\/www.aikodesign.fr\\\/wp-content\\\/uploads\\\/2020\\\/02\\\/2022_12_02_0335c.jpg?fit=1800%2C1800&ssl=1\",\"width\":1800,\"height\":1800,\"caption\":\"BANCSOIBLACK\"},{\"@type\":\"BreadcrumbList\",\"@id\":\"https:\\\/\\\/www.aikodesign.fr\\\/en\\\/produit\\\/mozaiko-ban-c-soiblack\\\/#breadcrumb\",\"itemListElement\":[{\"@type\":\"ListItem\",\"position\":1,\"name\":\"Accueil\",\"item\":\"https:\\\/\\\/www.aikodesign.fr\\\/en\\\/shop-2\\\/\"},{\"@type\":\"ListItem\",\"position\":2,\"name\":\"Shop\",\"item\":\"https:\\\/\\\/www.aikodesign.fr\\\/en\\\/shop-2\\\/\"},{\"@type\":\"ListItem\",\"position\":3,\"name\":\"Mozaiko BANCSOIBLACK\"}]},{\"@type\":\"WebSite\",\"@id\":\"https:\\\/\\\/www.aikodesign.fr\\\/en\\\/#website\",\"url\":\"https:\\\/\\\/www.aikodesign.fr\\\/en\\\/\",\"name\":\"A\u00efko\",\"description\":\"Useful and beautiful\",\"publisher\":{\"@id\":\"https:\\\/\\\/www.aikodesign.fr\\\/en\\\/#organization\"},\"potentialAction\":[{\"@type\":\"SearchAction\",\"target\":{\"@type\":\"EntryPoint\",\"urlTemplate\":\"https:\\\/\\\/www.aikodesign.fr\\\/en\\\/?s={search_term_string}\"},\"query-input\":{\"@type\":\"PropertyValueSpecification\",\"valueRequired\":true,\"valueName\":\"search_term_string\"}}],\"inLanguage\":\"en-US\"},{\"@type\":\"Organization\",\"@id\":\"https:\\\/\\\/www.aikodesign.fr\\\/en\\\/#organization\",\"name\":\"AIKO\",\"url\":\"https:\\\/\\\/www.aikodesign.fr\\\/en\\\/\",\"logo\":{\"@type\":\"ImageObject\",\"inLanguage\":\"en-US\",\"@id\":\"https:\\\/\\\/www.aikodesign.fr\\\/en\\\/#\\\/schema\\\/logo\\\/image\\\/\",\"url\":\"https:\\\/\\\/i0.wp.com\\\/www.aikodesign.fr\\\/wp-content\\\/uploads\\\/2023\\\/09\\\/Logo_Aiko_512x512.jpg?fit=512%2C512&ssl=1\",\"contentUrl\":\"https:\\\/\\\/i0.wp.com\\\/www.aikodesign.fr\\\/wp-content\\\/uploads\\\/2023\\\/09\\\/Logo_Aiko_512x512.jpg?fit=512%2C512&ssl=1\",\"width\":512,\"height\":512,\"caption\":\"AIKO\"},\"image\":{\"@id\":\"https:\\\/\\\/www.aikodesign.fr\\\/en\\\/#\\\/schema\\\/logo\\\/image\\\/\"}}]}<\/script>\n<!-- \/ Yoast SEO plugin. -->","yoast_head_json":{"title":"Mozaiko BANCSOIBLACK - A\u00efko","robots":{"index":"index","follow":"follow","max-snippet":"max-snippet:-1","max-image-preview":"max-image-preview:large","max-video-preview":"max-video-preview:-1"},"canonical":"https:\/\/www.aikodesign.fr\/en\/produit\/mozaiko-ban-c-soiblack\/","og_locale":"en_US","og_type":"article","og_title":"Mozaiko BANCSOIBLACK - A\u00efko","og_url":"https:\/\/www.aikodesign.fr\/en\/produit\/mozaiko-ban-c-soiblack\/","og_site_name":"A\u00efko","article_modified_time":"2025-01-29T22:56:32+00:00","og_image":[{"width":1800,"height":1800,"url":"https:\/\/www.aikodesign.fr\/wp-content\/uploads\/2020\/02\/2022_12_02_0335c.jpg","type":"image\/jpeg"}],"twitter_card":"summary_large_image","schema":{"@context":"https:\/\/schema.org","@graph":[{"@type":"WebPage","@id":"https:\/\/www.aikodesign.fr\/en\/produit\/mozaiko-ban-c-soiblack\/","url":"https:\/\/www.aikodesign.fr\/en\/produit\/mozaiko-ban-c-soiblack\/","name":"Mozaiko BANCSOIBLACK - A\u00efko","isPartOf":{"@id":"https:\/\/www.aikodesign.fr\/en\/#website"},"primaryImageOfPage":{"@id":"https:\/\/www.aikodesign.fr\/en\/produit\/mozaiko-ban-c-soiblack\/#primaryimage"},"image":{"@id":"https:\/\/www.aikodesign.fr\/en\/produit\/mozaiko-ban-c-soiblack\/#primaryimage"},"thumbnailUrl":"https:\/\/i0.wp.com\/www.aikodesign.fr\/wp-content\/uploads\/2020\/02\/2022_12_02_0335c.jpg?fit=1800%2C1800&ssl=1","datePublished":"2020-02-09T16:17:47+00:00","dateModified":"2025-01-29T22:56:32+00:00","breadcrumb":{"@id":"https:\/\/www.aikodesign.fr\/en\/produit\/mozaiko-ban-c-soiblack\/#breadcrumb"},"inLanguage":"en-US","potentialAction":[{"@type":"ReadAction","target":["https:\/\/www.aikodesign.fr\/en\/produit\/mozaiko-ban-c-soiblack\/"]}]},{"@type":"ImageObject","inLanguage":"en-US","@id":"https:\/\/www.aikodesign.fr\/en\/produit\/mozaiko-ban-c-soiblack\/#primaryimage","url":"https:\/\/i0.wp.com\/www.aikodesign.fr\/wp-content\/uploads\/2020\/02\/2022_12_02_0335c.jpg?fit=1800%2C1800&ssl=1","contentUrl":"https:\/\/i0.wp.com\/www.aikodesign.fr\/wp-content\/uploads\/2020\/02\/2022_12_02_0335c.jpg?fit=1800%2C1800&ssl=1","width":1800,"height":1800,"caption":"BANCSOIBLACK"},{"@type":"BreadcrumbList","@id":"https:\/\/www.aikodesign.fr\/en\/produit\/mozaiko-ban-c-soiblack\/#breadcrumb","itemListElement":[{"@type":"ListItem","position":1,"name":"Accueil","item":"https:\/\/www.aikodesign.fr\/en\/shop-2\/"},{"@type":"ListItem","position":2,"name":"Shop","item":"https:\/\/www.aikodesign.fr\/en\/shop-2\/"},{"@type":"ListItem","position":3,"name":"Mozaiko BANCSOIBLACK"}]},{"@type":"WebSite","@id":"https:\/\/www.aikodesign.fr\/en\/#website","url":"https:\/\/www.aikodesign.fr\/en\/","name":"A\u00efko","description":"Useful and beautiful","publisher":{"@id":"https:\/\/www.aikodesign.fr\/en\/#organization"},"potentialAction":[{"@type":"SearchAction","target":{"@type":"EntryPoint","urlTemplate":"https:\/\/www.aikodesign.fr\/en\/?s={search_term_string}"},"query-input":{"@type":"PropertyValueSpecification","valueRequired":true,"valueName":"search_term_string"}}],"inLanguage":"en-US"},{"@type":"Organization","@id":"https:\/\/www.aikodesign.fr\/en\/#organization","name":"AIKO","url":"https:\/\/www.aikodesign.fr\/en\/","logo":{"@type":"ImageObject","inLanguage":"en-US","@id":"https:\/\/www.aikodesign.fr\/en\/#\/schema\/logo\/image\/","url":"https:\/\/i0.wp.com\/www.aikodesign.fr\/wp-content\/uploads\/2023\/09\/Logo_Aiko_512x512.jpg?fit=512%2C512&ssl=1","contentUrl":"https:\/\/i0.wp.com\/www.aikodesign.fr\/wp-content\/uploads\/2023\/09\/Logo_Aiko_512x512.jpg?fit=512%2C512&ssl=1","width":512,"height":512,"caption":"AIKO"},"image":{"@id":"https:\/\/www.aikodesign.fr\/en\/#\/schema\/logo\/image\/"}}]}},"_links":{"self":[{"href":"https:\/\/www.aikodesign.fr\/en\/wp-json\/wp\/v2\/product\/9946","targetHints":{"allow":["GET"]}}],"collection":[{"href":"https:\/\/www.aikodesign.fr\/en\/wp-json\/wp\/v2\/product"}],"about":[{"href":"https:\/\/www.aikodesign.fr\/en\/wp-json\/wp\/v2\/types\/product"}],"wp:featuredmedia":[{"embeddable":true,"href":"https:\/\/www.aikodesign.fr\/en\/wp-json\/wp\/v2\/media\/9949"}],"wp:attachment":[{"href":"https:\/\/www.aikodesign.fr\/en\/wp-json\/wp\/v2\/media?parent=9946"}],"wp:term":[{"taxonomy":"product_brand","embeddable":true,"href":"https:\/\/www.aikodesign.fr\/en\/wp-json\/wp\/v2\/product_brand?post=9946"},{"taxonomy":"product_cat","embeddable":true,"href":"https:\/\/www.aikodesign.fr\/en\/wp-json\/wp\/v2\/product_cat?post=9946"},{"taxonomy":"product_tag","embeddable":true,"href":"https:\/\/www.aikodesign.fr\/en\/wp-json\/wp\/v2\/product_tag?post=9946"}],"curies":[{"name":"wp","href":"https:\/\/api.w.org\/{rel}","templated":true}]}}