{"id":9856,"date":"2022-07-26T14:30:14","date_gmt":"2022-07-26T12:30:14","guid":{"rendered":"https:\/\/www.aikodesign.fr\/produit\/mozaiko-25yokosoired\/"},"modified":"2025-01-29T23:56:41","modified_gmt":"2025-01-29T22:56:41","slug":"mozaiko-25yokosoired","status":"publish","type":"product","link":"https:\/\/www.aikodesign.fr\/en\/produit\/mozaiko-25yokosoired\/","title":{"rendered":"Mozaiko 25YOKOSOIRED"},"content":{"rendered":"<p><span data-sheets-value=\"{\"1\":2,\"2\":\"Port\u00e9 en bandouli\u00e8re ou sous le coude, gr\u00e2ce \u00e0 ses deux syst\u00e8mes de bandouli\u00e8re, le 25YOKO se veut dynamique.nUn sac hyper \u00e9l\u00e9gant. nDimensions : 25 x 14.5 x 7cm \"}\" data-sheets-userformat=\"{\"2\":15037,\"3\":{\"1\":0},\"5\":{\"1\":[{\"1\":2,\"2\":0,\"5\":{\"1\":2,\"2\":0}},{\"1\":0,\"2\":0,\"3\":3},{\"1\":1,\"2\":0,\"4\":1}]},\"6\":{\"1\":[{\"1\":2,\"2\":0,\"5\":{\"1\":2,\"2\":0}},{\"1\":0,\"2\":0,\"3\":3},{\"1\":1,\"2\":0,\"4\":1}]},\"7\":{\"1\":[{\"1\":2,\"2\":0,\"5\":{\"1\":2,\"2\":0}},{\"1\":0,\"2\":0,\"3\":3},{\"1\":1,\"2\":0,\"4\":1}]},\"8\":{\"1\":[{\"1\":2,\"2\":0,\"5\":{\"1\":2,\"2\":0}},{\"1\":0,\"2\":0,\"3\":3},{\"1\":1,\"2\":0,\"4\":1}]},\"10\":1,\"12\":0,\"14\":{\"1\":2,\"2\":0},\"15\":\"Calibri\",\"16\":10}\">Worn over the shoulder or under the elbow, thanks to its two shoulder strap systems, the 25YOKO is a dynamic bag.<br \/>\nAn ultra-elegant bag.<br \/>\nDimensions: 25 x 14.5 x 7cm  <\/span><\/p>\n<p>MOZAIKO bags are ultra-light, yet extremely durable. Quality finishes.<br \/>\nAssembly is done by heat welding (no glue!)<br \/>\nWaterproof, supplied with storage pouch, flat storage, adjustable chain for all wearing heights&#8230;.<\/p>\n","protected":false},"excerpt":{"rendered":"<p><span data-sheets-value=\"{\"1\":2,\"2\":\"Port\u00e9 en bandouli\u00e8re ou sous le coude, gr\u00e2ce \u00e0 ses deux syst\u00e8mes de bandouli\u00e8re, le 25YOKO se veut dynamique.nUn sac hyper \u00e9l\u00e9gant. nDimensions : 25 x 14.5 x 7cm \"}\" data-sheets-userformat=\"{\"2\":15037,\"3\":{\"1\":0},\"5\":{\"1\":[{\"1\":2,\"2\":0,\"5\":{\"1\":2,\"2\":0}},{\"1\":0,\"2\":0,\"3\":3},{\"1\":1,\"2\":0,\"4\":1}]},\"6\":{\"1\":[{\"1\":2,\"2\":0,\"5\":{\"1\":2,\"2\":0}},{\"1\":0,\"2\":0,\"3\":3},{\"1\":1,\"2\":0,\"4\":1}]},\"7\":{\"1\":[{\"1\":2,\"2\":0,\"5\":{\"1\":2,\"2\":0}},{\"1\":0,\"2\":0,\"3\":3},{\"1\":1,\"2\":0,\"4\":1}]},\"8\":{\"1\":[{\"1\":2,\"2\":0,\"5\":{\"1\":2,\"2\":0}},{\"1\":0,\"2\":0,\"3\":3},{\"1\":1,\"2\":0,\"4\":1}]},\"10\":1,\"12\":0,\"14\":{\"1\":2,\"2\":0},\"15\":\"Calibri\",\"16\":10}\">Worn over the shoulder or under the elbow, thanks to its two shoulder strap systems, the 25YOKO is a dynamic bag.<br \/>\nAn ultra-elegant bag.<br \/>\nDimensions: 25 x 14.5 x 7cm  <\/span><\/p>\n","protected":false},"featured_media":9871,"template":"","meta":[],"product_brand":[],"product_cat":[262,258,249,337],"product_tag":[245,251,270,250,263,253],"class_list":{"0":"post-9856","1":"product","2":"type-product","3":"status-publish","4":"has-post-thumbnail","6":"product_cat-evening-bags","7":"product_cat-handbags","8":"product_cat-mozaiko-en","9":"product_cat-size-25yoko","10":"product_tag-geometric-en","11":"product_tag-handbag","12":"product_tag-micro-bag","13":"product_tag-mozaiko-en","14":"product_tag-red","15":"product_tag-vegan-en","17":"first","18":"instock","19":"taxable","20":"shipping-taxable","21":"purchasable","22":"product-type-simple"},"yoast_head":"<!-- This site is optimized with the Yoast SEO plugin v27.6 - https:\/\/yoast.com\/product\/yoast-seo-wordpress\/ -->\n<title>Mozaiko 25YOKOSOIRED - A\u00efko<\/title>\n<meta name=\"robots\" content=\"index, follow, max-snippet:-1, max-image-preview:large, max-video-preview:-1\" \/>\n<link rel=\"canonical\" href=\"https:\/\/www.aikodesign.fr\/en\/produit\/mozaiko-25yokosoired\/\" \/>\n<meta property=\"og:locale\" content=\"en_US\" \/>\n<meta property=\"og:type\" content=\"article\" \/>\n<meta property=\"og:title\" content=\"Mozaiko 25YOKOSOIRED - A\u00efko\" \/>\n<meta property=\"og:description\" content=\"Worn over the shoulder or under the elbow, thanks to its two shoulder strap systems, the 25YOKO is a dynamic bag. An ultra-elegant bag. Dimensions: 25 x 14.5 x 7cm\" \/>\n<meta property=\"og:url\" content=\"https:\/\/www.aikodesign.fr\/en\/produit\/mozaiko-25yokosoired\/\" \/>\n<meta property=\"og:site_name\" content=\"A\u00efko\" \/>\n<meta property=\"article:modified_time\" content=\"2025-01-29T22:56:41+00:00\" \/>\n<meta property=\"og:image\" content=\"https:\/\/www.aikodesign.fr\/wp-content\/uploads\/2022\/07\/25YOKOSOIRED.jpg\" \/>\n\t<meta property=\"og:image:width\" content=\"1440\" \/>\n\t<meta property=\"og:image:height\" content=\"1440\" \/>\n\t<meta property=\"og:image:type\" content=\"image\/jpeg\" \/>\n<meta name=\"twitter:card\" content=\"summary_large_image\" \/>\n<script type=\"application\/ld+json\" class=\"yoast-schema-graph\">{\"@context\":\"https:\\\/\\\/schema.org\",\"@graph\":[{\"@type\":\"WebPage\",\"@id\":\"https:\\\/\\\/www.aikodesign.fr\\\/en\\\/produit\\\/mozaiko-25yokosoired\\\/\",\"url\":\"https:\\\/\\\/www.aikodesign.fr\\\/en\\\/produit\\\/mozaiko-25yokosoired\\\/\",\"name\":\"Mozaiko 25YOKOSOIRED - A\u00efko\",\"isPartOf\":{\"@id\":\"https:\\\/\\\/www.aikodesign.fr\\\/en\\\/#website\"},\"primaryImageOfPage\":{\"@id\":\"https:\\\/\\\/www.aikodesign.fr\\\/en\\\/produit\\\/mozaiko-25yokosoired\\\/#primaryimage\"},\"image\":{\"@id\":\"https:\\\/\\\/www.aikodesign.fr\\\/en\\\/produit\\\/mozaiko-25yokosoired\\\/#primaryimage\"},\"thumbnailUrl\":\"https:\\\/\\\/i0.wp.com\\\/www.aikodesign.fr\\\/wp-content\\\/uploads\\\/2022\\\/07\\\/25YOKOSOIRED.jpg?fit=1440%2C1440&ssl=1\",\"datePublished\":\"2022-07-26T12:30:14+00:00\",\"dateModified\":\"2025-01-29T22:56:41+00:00\",\"breadcrumb\":{\"@id\":\"https:\\\/\\\/www.aikodesign.fr\\\/en\\\/produit\\\/mozaiko-25yokosoired\\\/#breadcrumb\"},\"inLanguage\":\"en-US\",\"potentialAction\":[{\"@type\":\"ReadAction\",\"target\":[\"https:\\\/\\\/www.aikodesign.fr\\\/en\\\/produit\\\/mozaiko-25yokosoired\\\/\"]}]},{\"@type\":\"ImageObject\",\"inLanguage\":\"en-US\",\"@id\":\"https:\\\/\\\/www.aikodesign.fr\\\/en\\\/produit\\\/mozaiko-25yokosoired\\\/#primaryimage\",\"url\":\"https:\\\/\\\/i0.wp.com\\\/www.aikodesign.fr\\\/wp-content\\\/uploads\\\/2022\\\/07\\\/25YOKOSOIRED.jpg?fit=1440%2C1440&ssl=1\",\"contentUrl\":\"https:\\\/\\\/i0.wp.com\\\/www.aikodesign.fr\\\/wp-content\\\/uploads\\\/2022\\\/07\\\/25YOKOSOIRED.jpg?fit=1440%2C1440&ssl=1\",\"width\":1440,\"height\":1440},{\"@type\":\"BreadcrumbList\",\"@id\":\"https:\\\/\\\/www.aikodesign.fr\\\/en\\\/produit\\\/mozaiko-25yokosoired\\\/#breadcrumb\",\"itemListElement\":[{\"@type\":\"ListItem\",\"position\":1,\"name\":\"Accueil\",\"item\":\"https:\\\/\\\/www.aikodesign.fr\\\/en\\\/shop-2\\\/\"},{\"@type\":\"ListItem\",\"position\":2,\"name\":\"Shop\",\"item\":\"https:\\\/\\\/www.aikodesign.fr\\\/en\\\/shop-2\\\/\"},{\"@type\":\"ListItem\",\"position\":3,\"name\":\"Mozaiko 25YOKOSOIRED\"}]},{\"@type\":\"WebSite\",\"@id\":\"https:\\\/\\\/www.aikodesign.fr\\\/en\\\/#website\",\"url\":\"https:\\\/\\\/www.aikodesign.fr\\\/en\\\/\",\"name\":\"A\u00efko\",\"description\":\"Useful and beautiful\",\"publisher\":{\"@id\":\"https:\\\/\\\/www.aikodesign.fr\\\/en\\\/#organization\"},\"potentialAction\":[{\"@type\":\"SearchAction\",\"target\":{\"@type\":\"EntryPoint\",\"urlTemplate\":\"https:\\\/\\\/www.aikodesign.fr\\\/en\\\/?s={search_term_string}\"},\"query-input\":{\"@type\":\"PropertyValueSpecification\",\"valueRequired\":true,\"valueName\":\"search_term_string\"}}],\"inLanguage\":\"en-US\"},{\"@type\":\"Organization\",\"@id\":\"https:\\\/\\\/www.aikodesign.fr\\\/en\\\/#organization\",\"name\":\"AIKO\",\"url\":\"https:\\\/\\\/www.aikodesign.fr\\\/en\\\/\",\"logo\":{\"@type\":\"ImageObject\",\"inLanguage\":\"en-US\",\"@id\":\"https:\\\/\\\/www.aikodesign.fr\\\/en\\\/#\\\/schema\\\/logo\\\/image\\\/\",\"url\":\"https:\\\/\\\/i0.wp.com\\\/www.aikodesign.fr\\\/wp-content\\\/uploads\\\/2023\\\/09\\\/Logo_Aiko_512x512.jpg?fit=512%2C512&ssl=1\",\"contentUrl\":\"https:\\\/\\\/i0.wp.com\\\/www.aikodesign.fr\\\/wp-content\\\/uploads\\\/2023\\\/09\\\/Logo_Aiko_512x512.jpg?fit=512%2C512&ssl=1\",\"width\":512,\"height\":512,\"caption\":\"AIKO\"},\"image\":{\"@id\":\"https:\\\/\\\/www.aikodesign.fr\\\/en\\\/#\\\/schema\\\/logo\\\/image\\\/\"}}]}<\/script>\n<!-- \/ Yoast SEO plugin. -->","yoast_head_json":{"title":"Mozaiko 25YOKOSOIRED - A\u00efko","robots":{"index":"index","follow":"follow","max-snippet":"max-snippet:-1","max-image-preview":"max-image-preview:large","max-video-preview":"max-video-preview:-1"},"canonical":"https:\/\/www.aikodesign.fr\/en\/produit\/mozaiko-25yokosoired\/","og_locale":"en_US","og_type":"article","og_title":"Mozaiko 25YOKOSOIRED - A\u00efko","og_description":"Worn over the shoulder or under the elbow, thanks to its two shoulder strap systems, the 25YOKO is a dynamic bag. An ultra-elegant bag. Dimensions: 25 x 14.5 x 7cm","og_url":"https:\/\/www.aikodesign.fr\/en\/produit\/mozaiko-25yokosoired\/","og_site_name":"A\u00efko","article_modified_time":"2025-01-29T22:56:41+00:00","og_image":[{"width":1440,"height":1440,"url":"https:\/\/www.aikodesign.fr\/wp-content\/uploads\/2022\/07\/25YOKOSOIRED.jpg","type":"image\/jpeg"}],"twitter_card":"summary_large_image","schema":{"@context":"https:\/\/schema.org","@graph":[{"@type":"WebPage","@id":"https:\/\/www.aikodesign.fr\/en\/produit\/mozaiko-25yokosoired\/","url":"https:\/\/www.aikodesign.fr\/en\/produit\/mozaiko-25yokosoired\/","name":"Mozaiko 25YOKOSOIRED - A\u00efko","isPartOf":{"@id":"https:\/\/www.aikodesign.fr\/en\/#website"},"primaryImageOfPage":{"@id":"https:\/\/www.aikodesign.fr\/en\/produit\/mozaiko-25yokosoired\/#primaryimage"},"image":{"@id":"https:\/\/www.aikodesign.fr\/en\/produit\/mozaiko-25yokosoired\/#primaryimage"},"thumbnailUrl":"https:\/\/i0.wp.com\/www.aikodesign.fr\/wp-content\/uploads\/2022\/07\/25YOKOSOIRED.jpg?fit=1440%2C1440&ssl=1","datePublished":"2022-07-26T12:30:14+00:00","dateModified":"2025-01-29T22:56:41+00:00","breadcrumb":{"@id":"https:\/\/www.aikodesign.fr\/en\/produit\/mozaiko-25yokosoired\/#breadcrumb"},"inLanguage":"en-US","potentialAction":[{"@type":"ReadAction","target":["https:\/\/www.aikodesign.fr\/en\/produit\/mozaiko-25yokosoired\/"]}]},{"@type":"ImageObject","inLanguage":"en-US","@id":"https:\/\/www.aikodesign.fr\/en\/produit\/mozaiko-25yokosoired\/#primaryimage","url":"https:\/\/i0.wp.com\/www.aikodesign.fr\/wp-content\/uploads\/2022\/07\/25YOKOSOIRED.jpg?fit=1440%2C1440&ssl=1","contentUrl":"https:\/\/i0.wp.com\/www.aikodesign.fr\/wp-content\/uploads\/2022\/07\/25YOKOSOIRED.jpg?fit=1440%2C1440&ssl=1","width":1440,"height":1440},{"@type":"BreadcrumbList","@id":"https:\/\/www.aikodesign.fr\/en\/produit\/mozaiko-25yokosoired\/#breadcrumb","itemListElement":[{"@type":"ListItem","position":1,"name":"Accueil","item":"https:\/\/www.aikodesign.fr\/en\/shop-2\/"},{"@type":"ListItem","position":2,"name":"Shop","item":"https:\/\/www.aikodesign.fr\/en\/shop-2\/"},{"@type":"ListItem","position":3,"name":"Mozaiko 25YOKOSOIRED"}]},{"@type":"WebSite","@id":"https:\/\/www.aikodesign.fr\/en\/#website","url":"https:\/\/www.aikodesign.fr\/en\/","name":"A\u00efko","description":"Useful and beautiful","publisher":{"@id":"https:\/\/www.aikodesign.fr\/en\/#organization"},"potentialAction":[{"@type":"SearchAction","target":{"@type":"EntryPoint","urlTemplate":"https:\/\/www.aikodesign.fr\/en\/?s={search_term_string}"},"query-input":{"@type":"PropertyValueSpecification","valueRequired":true,"valueName":"search_term_string"}}],"inLanguage":"en-US"},{"@type":"Organization","@id":"https:\/\/www.aikodesign.fr\/en\/#organization","name":"AIKO","url":"https:\/\/www.aikodesign.fr\/en\/","logo":{"@type":"ImageObject","inLanguage":"en-US","@id":"https:\/\/www.aikodesign.fr\/en\/#\/schema\/logo\/image\/","url":"https:\/\/i0.wp.com\/www.aikodesign.fr\/wp-content\/uploads\/2023\/09\/Logo_Aiko_512x512.jpg?fit=512%2C512&ssl=1","contentUrl":"https:\/\/i0.wp.com\/www.aikodesign.fr\/wp-content\/uploads\/2023\/09\/Logo_Aiko_512x512.jpg?fit=512%2C512&ssl=1","width":512,"height":512,"caption":"AIKO"},"image":{"@id":"https:\/\/www.aikodesign.fr\/en\/#\/schema\/logo\/image\/"}}]}},"_links":{"self":[{"href":"https:\/\/www.aikodesign.fr\/en\/wp-json\/wp\/v2\/product\/9856","targetHints":{"allow":["GET"]}}],"collection":[{"href":"https:\/\/www.aikodesign.fr\/en\/wp-json\/wp\/v2\/product"}],"about":[{"href":"https:\/\/www.aikodesign.fr\/en\/wp-json\/wp\/v2\/types\/product"}],"wp:featuredmedia":[{"embeddable":true,"href":"https:\/\/www.aikodesign.fr\/en\/wp-json\/wp\/v2\/media\/9871"}],"wp:attachment":[{"href":"https:\/\/www.aikodesign.fr\/en\/wp-json\/wp\/v2\/media?parent=9856"}],"wp:term":[{"taxonomy":"product_brand","embeddable":true,"href":"https:\/\/www.aikodesign.fr\/en\/wp-json\/wp\/v2\/product_brand?post=9856"},{"taxonomy":"product_cat","embeddable":true,"href":"https:\/\/www.aikodesign.fr\/en\/wp-json\/wp\/v2\/product_cat?post=9856"},{"taxonomy":"product_tag","embeddable":true,"href":"https:\/\/www.aikodesign.fr\/en\/wp-json\/wp\/v2\/product_tag?post=9856"}],"curies":[{"name":"wp","href":"https:\/\/api.w.org\/{rel}","templated":true}]}}