{"id":9754,"date":"2022-12-02T19:14:39","date_gmt":"2022-12-02T18:14:39","guid":{"rendered":"https:\/\/www.aikodesign.fr\/produit\/mozaiko-walletsoired\/"},"modified":"2025-01-29T23:56:51","modified_gmt":"2025-01-29T22:56:51","slug":"mozaiko-walletsoired","status":"publish","type":"product","link":"https:\/\/www.aikodesign.fr\/en\/produit\/mozaiko-walletsoired\/","title":{"rendered":"Mozaiko WALLETSOIRED"},"content":{"rendered":"<p><span data-sheets-value=\"{\"1\":2,\"2\":\"Wallet, compagnon ou mini sac port\u00e9 avec sa cha\u00eenette. Ultra l\u00e9ger.rnDimensions :20 x 10 x 2,5cm rnGamme : Silk\"}\" data-sheets-userformat=\"{\"2\":14785,\"3\":{\"1\":2,\"2\":\"_(\"$\"* #,##0.00_);_(\"$\"* \\(#,##0.00\\);_(\"$\"* \"-\"??_);_(@_)\",\"3\":1},\"9\":0,\"10\":1,\"11\":4,\"14\":{\"1\":2,\"2\":0},\"15\":\"Calibri\",\"16\":9}\" data-sheets-formula=\"=RECHERCHEV(R[0]C[-3];forsale!R4C1:R322C18;6;FAUX)\">  Wallet, companion or mini-bag worn with its chain. Ultra lightweight.<br \/>\nDimensions:20 x 10.5 x 2 cm<br \/>\nRange: Silk  <\/span><\/p>\n<p>MOZAIKO bags are ultra-light, yet extremely durable. Quality finishes.<br \/>\nAssembly is done by heat welding (no glue!)<br \/>\nWaterproof, supplied with storage pouch, flat storage, adjustable chain for all wearing heights&#8230;.<\/p>\n","protected":false},"excerpt":{"rendered":"<p><span data-sheets-value=\"{\"1\":2,\"2\":\"Wallet, compagnon ou mini sac port\u00e9 avec sa cha\u00eenette. Ultra l\u00e9ger.nDimensions :20 x 10 x 2,5cm nGamme : Silk\"}\" data-sheets-userformat=\"{\"2\":15037,\"3\":{\"1\":0},\"5\":{\"1\":[{\"1\":2,\"2\":0,\"5\":{\"1\":2,\"2\":0}},{\"1\":0,\"2\":0,\"3\":3},{\"1\":1,\"2\":0,\"4\":1}]},\"6\":{\"1\":[{\"1\":2,\"2\":0,\"5\":{\"1\":2,\"2\":0}},{\"1\":0,\"2\":0,\"3\":3},{\"1\":1,\"2\":0,\"4\":1}]},\"7\":{\"1\":[{\"1\":2,\"2\":0,\"5\":{\"1\":2,\"2\":0}},{\"1\":0,\"2\":0,\"3\":3},{\"1\":1,\"2\":0,\"4\":1}]},\"8\":{\"1\":[{\"1\":2,\"2\":0,\"5\":{\"1\":2,\"2\":0}},{\"1\":0,\"2\":0,\"3\":3},{\"1\":1,\"2\":0,\"4\":1}]},\"10\":1,\"12\":0,\"14\":{\"1\":2,\"2\":0},\"15\":\"Calibri\",\"16\":10}\">Wallet, companion or mini-bag worn with its chain. Ultra lightweight.<br \/>\nDimensions:20 x 10 x 2.5cm<br \/>\nRange: Silk<\/span><\/p>\n","protected":false},"featured_media":9759,"template":"","meta":[],"product_brand":[],"product_cat":[267,249],"product_tag":[257,268,251,250,263,253,269],"class_list":{"0":"post-9754","1":"product","2":"type-product","3":"status-publish","4":"has-post-thumbnail","6":"product_cat-companions","7":"product_cat-mozaiko-en","8":"product_tag-bag","9":"product_tag-companion","10":"product_tag-handbag","11":"product_tag-mozaiko-en","12":"product_tag-red","13":"product_tag-vegan-en","14":"product_tag-wallets","16":"first","17":"instock","18":"taxable","19":"shipping-taxable","20":"purchasable","21":"product-type-simple"},"yoast_head":"<!-- This site is optimized with the Yoast SEO plugin v27.4 - https:\/\/yoast.com\/product\/yoast-seo-wordpress\/ -->\n<title>Mozaiko WALLETSOIRED - A\u00efko<\/title>\n<meta name=\"robots\" content=\"index, follow, max-snippet:-1, max-image-preview:large, max-video-preview:-1\" \/>\n<link rel=\"canonical\" href=\"https:\/\/www.aikodesign.fr\/en\/produit\/mozaiko-walletsoired\/\" \/>\n<meta property=\"og:locale\" content=\"en_US\" \/>\n<meta property=\"og:type\" content=\"article\" \/>\n<meta property=\"og:title\" content=\"Mozaiko WALLETSOIRED - A\u00efko\" \/>\n<meta property=\"og:description\" content=\"Wallet, companion or mini-bag worn with its chain. Ultra lightweight. Dimensions:20 x 10 x 2.5cm Range: Silk\" \/>\n<meta property=\"og:url\" content=\"https:\/\/www.aikodesign.fr\/en\/produit\/mozaiko-walletsoired\/\" \/>\n<meta property=\"og:site_name\" content=\"A\u00efko\" \/>\n<meta property=\"article:modified_time\" content=\"2025-01-29T22:56:51+00:00\" \/>\n<meta property=\"og:image\" content=\"https:\/\/www.aikodesign.fr\/wp-content\/uploads\/2022\/12\/WALLETRED-2.jpg\" \/>\n\t<meta property=\"og:image:width\" content=\"800\" \/>\n\t<meta property=\"og:image:height\" content=\"800\" \/>\n\t<meta property=\"og:image:type\" content=\"image\/jpeg\" \/>\n<meta name=\"twitter:card\" content=\"summary_large_image\" \/>\n<script type=\"application\/ld+json\" class=\"yoast-schema-graph\">{\"@context\":\"https:\\\/\\\/schema.org\",\"@graph\":[{\"@type\":\"WebPage\",\"@id\":\"https:\\\/\\\/www.aikodesign.fr\\\/en\\\/produit\\\/mozaiko-walletsoired\\\/\",\"url\":\"https:\\\/\\\/www.aikodesign.fr\\\/en\\\/produit\\\/mozaiko-walletsoired\\\/\",\"name\":\"Mozaiko WALLETSOIRED - A\u00efko\",\"isPartOf\":{\"@id\":\"https:\\\/\\\/www.aikodesign.fr\\\/en\\\/#website\"},\"primaryImageOfPage\":{\"@id\":\"https:\\\/\\\/www.aikodesign.fr\\\/en\\\/produit\\\/mozaiko-walletsoired\\\/#primaryimage\"},\"image\":{\"@id\":\"https:\\\/\\\/www.aikodesign.fr\\\/en\\\/produit\\\/mozaiko-walletsoired\\\/#primaryimage\"},\"thumbnailUrl\":\"https:\\\/\\\/i0.wp.com\\\/www.aikodesign.fr\\\/wp-content\\\/uploads\\\/2022\\\/12\\\/WALLETRED-2.jpg?fit=800%2C800&ssl=1\",\"datePublished\":\"2022-12-02T18:14:39+00:00\",\"dateModified\":\"2025-01-29T22:56:51+00:00\",\"breadcrumb\":{\"@id\":\"https:\\\/\\\/www.aikodesign.fr\\\/en\\\/produit\\\/mozaiko-walletsoired\\\/#breadcrumb\"},\"inLanguage\":\"en-US\",\"potentialAction\":[{\"@type\":\"ReadAction\",\"target\":[\"https:\\\/\\\/www.aikodesign.fr\\\/en\\\/produit\\\/mozaiko-walletsoired\\\/\"]}]},{\"@type\":\"ImageObject\",\"inLanguage\":\"en-US\",\"@id\":\"https:\\\/\\\/www.aikodesign.fr\\\/en\\\/produit\\\/mozaiko-walletsoired\\\/#primaryimage\",\"url\":\"https:\\\/\\\/i0.wp.com\\\/www.aikodesign.fr\\\/wp-content\\\/uploads\\\/2022\\\/12\\\/WALLETRED-2.jpg?fit=800%2C800&ssl=1\",\"contentUrl\":\"https:\\\/\\\/i0.wp.com\\\/www.aikodesign.fr\\\/wp-content\\\/uploads\\\/2022\\\/12\\\/WALLETRED-2.jpg?fit=800%2C800&ssl=1\",\"width\":800,\"height\":800,\"caption\":\"WALLETSOIRED\"},{\"@type\":\"BreadcrumbList\",\"@id\":\"https:\\\/\\\/www.aikodesign.fr\\\/en\\\/produit\\\/mozaiko-walletsoired\\\/#breadcrumb\",\"itemListElement\":[{\"@type\":\"ListItem\",\"position\":1,\"name\":\"Accueil\",\"item\":\"https:\\\/\\\/www.aikodesign.fr\\\/en\\\/shop-2\\\/\"},{\"@type\":\"ListItem\",\"position\":2,\"name\":\"Shop\",\"item\":\"https:\\\/\\\/www.aikodesign.fr\\\/en\\\/shop-2\\\/\"},{\"@type\":\"ListItem\",\"position\":3,\"name\":\"Mozaiko WALLETSOIRED\"}]},{\"@type\":\"WebSite\",\"@id\":\"https:\\\/\\\/www.aikodesign.fr\\\/en\\\/#website\",\"url\":\"https:\\\/\\\/www.aikodesign.fr\\\/en\\\/\",\"name\":\"A\u00efko\",\"description\":\"Useful and beautiful\",\"publisher\":{\"@id\":\"https:\\\/\\\/www.aikodesign.fr\\\/en\\\/#organization\"},\"potentialAction\":[{\"@type\":\"SearchAction\",\"target\":{\"@type\":\"EntryPoint\",\"urlTemplate\":\"https:\\\/\\\/www.aikodesign.fr\\\/en\\\/?s={search_term_string}\"},\"query-input\":{\"@type\":\"PropertyValueSpecification\",\"valueRequired\":true,\"valueName\":\"search_term_string\"}}],\"inLanguage\":\"en-US\"},{\"@type\":\"Organization\",\"@id\":\"https:\\\/\\\/www.aikodesign.fr\\\/en\\\/#organization\",\"name\":\"AIKO\",\"url\":\"https:\\\/\\\/www.aikodesign.fr\\\/en\\\/\",\"logo\":{\"@type\":\"ImageObject\",\"inLanguage\":\"en-US\",\"@id\":\"https:\\\/\\\/www.aikodesign.fr\\\/en\\\/#\\\/schema\\\/logo\\\/image\\\/\",\"url\":\"https:\\\/\\\/i0.wp.com\\\/www.aikodesign.fr\\\/wp-content\\\/uploads\\\/2023\\\/09\\\/Logo_Aiko_512x512.jpg?fit=512%2C512&ssl=1\",\"contentUrl\":\"https:\\\/\\\/i0.wp.com\\\/www.aikodesign.fr\\\/wp-content\\\/uploads\\\/2023\\\/09\\\/Logo_Aiko_512x512.jpg?fit=512%2C512&ssl=1\",\"width\":512,\"height\":512,\"caption\":\"AIKO\"},\"image\":{\"@id\":\"https:\\\/\\\/www.aikodesign.fr\\\/en\\\/#\\\/schema\\\/logo\\\/image\\\/\"}}]}<\/script>\n<!-- \/ Yoast SEO plugin. -->","yoast_head_json":{"title":"Mozaiko WALLETSOIRED - A\u00efko","robots":{"index":"index","follow":"follow","max-snippet":"max-snippet:-1","max-image-preview":"max-image-preview:large","max-video-preview":"max-video-preview:-1"},"canonical":"https:\/\/www.aikodesign.fr\/en\/produit\/mozaiko-walletsoired\/","og_locale":"en_US","og_type":"article","og_title":"Mozaiko WALLETSOIRED - A\u00efko","og_description":"Wallet, companion or mini-bag worn with its chain. Ultra lightweight. Dimensions:20 x 10 x 2.5cm Range: Silk","og_url":"https:\/\/www.aikodesign.fr\/en\/produit\/mozaiko-walletsoired\/","og_site_name":"A\u00efko","article_modified_time":"2025-01-29T22:56:51+00:00","og_image":[{"width":800,"height":800,"url":"https:\/\/www.aikodesign.fr\/wp-content\/uploads\/2022\/12\/WALLETRED-2.jpg","type":"image\/jpeg"}],"twitter_card":"summary_large_image","schema":{"@context":"https:\/\/schema.org","@graph":[{"@type":"WebPage","@id":"https:\/\/www.aikodesign.fr\/en\/produit\/mozaiko-walletsoired\/","url":"https:\/\/www.aikodesign.fr\/en\/produit\/mozaiko-walletsoired\/","name":"Mozaiko WALLETSOIRED - A\u00efko","isPartOf":{"@id":"https:\/\/www.aikodesign.fr\/en\/#website"},"primaryImageOfPage":{"@id":"https:\/\/www.aikodesign.fr\/en\/produit\/mozaiko-walletsoired\/#primaryimage"},"image":{"@id":"https:\/\/www.aikodesign.fr\/en\/produit\/mozaiko-walletsoired\/#primaryimage"},"thumbnailUrl":"https:\/\/i0.wp.com\/www.aikodesign.fr\/wp-content\/uploads\/2022\/12\/WALLETRED-2.jpg?fit=800%2C800&ssl=1","datePublished":"2022-12-02T18:14:39+00:00","dateModified":"2025-01-29T22:56:51+00:00","breadcrumb":{"@id":"https:\/\/www.aikodesign.fr\/en\/produit\/mozaiko-walletsoired\/#breadcrumb"},"inLanguage":"en-US","potentialAction":[{"@type":"ReadAction","target":["https:\/\/www.aikodesign.fr\/en\/produit\/mozaiko-walletsoired\/"]}]},{"@type":"ImageObject","inLanguage":"en-US","@id":"https:\/\/www.aikodesign.fr\/en\/produit\/mozaiko-walletsoired\/#primaryimage","url":"https:\/\/i0.wp.com\/www.aikodesign.fr\/wp-content\/uploads\/2022\/12\/WALLETRED-2.jpg?fit=800%2C800&ssl=1","contentUrl":"https:\/\/i0.wp.com\/www.aikodesign.fr\/wp-content\/uploads\/2022\/12\/WALLETRED-2.jpg?fit=800%2C800&ssl=1","width":800,"height":800,"caption":"WALLETSOIRED"},{"@type":"BreadcrumbList","@id":"https:\/\/www.aikodesign.fr\/en\/produit\/mozaiko-walletsoired\/#breadcrumb","itemListElement":[{"@type":"ListItem","position":1,"name":"Accueil","item":"https:\/\/www.aikodesign.fr\/en\/shop-2\/"},{"@type":"ListItem","position":2,"name":"Shop","item":"https:\/\/www.aikodesign.fr\/en\/shop-2\/"},{"@type":"ListItem","position":3,"name":"Mozaiko WALLETSOIRED"}]},{"@type":"WebSite","@id":"https:\/\/www.aikodesign.fr\/en\/#website","url":"https:\/\/www.aikodesign.fr\/en\/","name":"A\u00efko","description":"Useful and beautiful","publisher":{"@id":"https:\/\/www.aikodesign.fr\/en\/#organization"},"potentialAction":[{"@type":"SearchAction","target":{"@type":"EntryPoint","urlTemplate":"https:\/\/www.aikodesign.fr\/en\/?s={search_term_string}"},"query-input":{"@type":"PropertyValueSpecification","valueRequired":true,"valueName":"search_term_string"}}],"inLanguage":"en-US"},{"@type":"Organization","@id":"https:\/\/www.aikodesign.fr\/en\/#organization","name":"AIKO","url":"https:\/\/www.aikodesign.fr\/en\/","logo":{"@type":"ImageObject","inLanguage":"en-US","@id":"https:\/\/www.aikodesign.fr\/en\/#\/schema\/logo\/image\/","url":"https:\/\/i0.wp.com\/www.aikodesign.fr\/wp-content\/uploads\/2023\/09\/Logo_Aiko_512x512.jpg?fit=512%2C512&ssl=1","contentUrl":"https:\/\/i0.wp.com\/www.aikodesign.fr\/wp-content\/uploads\/2023\/09\/Logo_Aiko_512x512.jpg?fit=512%2C512&ssl=1","width":512,"height":512,"caption":"AIKO"},"image":{"@id":"https:\/\/www.aikodesign.fr\/en\/#\/schema\/logo\/image\/"}}]}},"_links":{"self":[{"href":"https:\/\/www.aikodesign.fr\/en\/wp-json\/wp\/v2\/product\/9754","targetHints":{"allow":["GET"]}}],"collection":[{"href":"https:\/\/www.aikodesign.fr\/en\/wp-json\/wp\/v2\/product"}],"about":[{"href":"https:\/\/www.aikodesign.fr\/en\/wp-json\/wp\/v2\/types\/product"}],"wp:featuredmedia":[{"embeddable":true,"href":"https:\/\/www.aikodesign.fr\/en\/wp-json\/wp\/v2\/media\/9759"}],"wp:attachment":[{"href":"https:\/\/www.aikodesign.fr\/en\/wp-json\/wp\/v2\/media?parent=9754"}],"wp:term":[{"taxonomy":"product_brand","embeddable":true,"href":"https:\/\/www.aikodesign.fr\/en\/wp-json\/wp\/v2\/product_brand?post=9754"},{"taxonomy":"product_cat","embeddable":true,"href":"https:\/\/www.aikodesign.fr\/en\/wp-json\/wp\/v2\/product_cat?post=9754"},{"taxonomy":"product_tag","embeddable":true,"href":"https:\/\/www.aikodesign.fr\/en\/wp-json\/wp\/v2\/product_tag?post=9754"}],"curies":[{"name":"wp","href":"https:\/\/api.w.org\/{rel}","templated":true}]}}