{"id":10443,"date":"2018-05-30T16:55:08","date_gmt":"2018-05-30T14:55:08","guid":{"rendered":"https:\/\/www.aikodesign.fr\/produit\/praga-tote-bag\/"},"modified":"2025-01-29T23:57:51","modified_gmt":"2025-01-29T22:57:51","slug":"bag-cabas-praga","status":"publish","type":"product","link":"https:\/\/www.aikodesign.fr\/en\/produit\/bag-cabas-praga\/","title":{"rendered":"Praga tote bag"},"content":{"rendered":"","protected":false},"excerpt":{"rendered":"<style type=\"text\/css\"><!--td {border: 1px solid #ccc;}br {mso-data-placement:same-cell;}--><\/style>\n<p><span data-sheets-value=\"{\"1\":2,\"2\":\"Sac de plage ou sac \u00e0 main PRAGA, en 2 taillesr\\nr\\nSac cabas avec fermeture clips\u00e9e, en mati\u00e8res recycl\u00e9es. Anses en simili. Port\u00e9 main ou \u00e9paule.r\\nr\\nExiste en deux tailles : r\\nTaille M : 30 x 13 x 25 cmsr\\nTaille L : 32 x 15 x 27 cms\"}\" data-sheets-userformat=\"{\"2\":14845,\"3\":[null,2,\"_(\"$\"* #,##0.00_);_(\"$\"* \\(#,##0.00\\);_(\"$\"* \"-\"??_);_(@_)\",1],\"5\":{\"1\":[{\"1\":2,\"2\":0,\"5\":[null,2,0]},{\"1\":0,\"2\":0,\"3\":3},{\"1\":1,\"2\":0,\"4\":1}]},\"6\":{\"1\":[{\"1\":2,\"2\":0,\"5\":[null,2,0]},{\"1\":0,\"2\":0,\"3\":3},{\"1\":1,\"2\":0,\"4\":1}]},\"7\":{\"1\":[{\"1\":2,\"2\":0,\"5\":[null,2,0]},{\"1\":0,\"2\":0,\"3\":3},{\"1\":1,\"2\":0,\"4\":1}]},\"8\":{\"1\":[{\"1\":2,\"2\":0,\"5\":[null,2,0]},{\"1\":0,\"2\":0,\"3\":3},{\"1\":1,\"2\":0,\"4\":1}]},\"9\":0,\"10\":1,\"11\":3,\"14\":[null,2,0],\"15\":\"Calibri\",\"16\":7}\" data-sheets-formula=\"='All products'!R[27]C[2]\">PRAGA beach bag or handbag. Made from 95% recycled materials.<br \/>\nHandmade in Northern Vietnam.<\/span><\/p>\n<p>Shopping bag with clip closure, made from recycled materials. Simulated handles. Carried by hand or shoulder.<\/p>\n<p>Size M: 30 x 13 x 25 cms<\/p>\n","protected":false},"featured_media":7224,"template":"","meta":[],"product_brand":[],"product_cat":[292],"product_tag":[],"class_list":{"0":"post-10443","1":"product","2":"type-product","3":"status-publish","4":"has-post-thumbnail","6":"product_cat-recycled-baskets","7":"pa_taille-l-en","9":"first","10":"instock","11":"taxable","12":"shipping-taxable","13":"purchasable","14":"product-type-simple"},"yoast_head":"<!-- This site is optimized with the Yoast SEO plugin v27.5 - https:\/\/yoast.com\/product\/yoast-seo-wordpress\/ -->\n<title>Praga tote bag - A\u00efko<\/title>\n<meta name=\"robots\" content=\"index, follow, max-snippet:-1, max-image-preview:large, max-video-preview:-1\" \/>\n<link rel=\"canonical\" href=\"https:\/\/www.aikodesign.fr\/en\/produit\/bag-cabas-praga\/\" \/>\n<meta property=\"og:locale\" content=\"en_US\" \/>\n<meta property=\"og:type\" content=\"article\" \/>\n<meta property=\"og:title\" content=\"Praga tote bag - A\u00efko\" \/>\n<meta property=\"og:description\" content=\"PRAGA beach bag or handbag. Made from 95% recycled materials. Handmade in Northern Vietnam. Shopping bag with clip closure, made from recycled materials. Simulated handles. Carried by hand or shoulder. Size M: 30 x 13 x 25 cms\" \/>\n<meta property=\"og:url\" content=\"https:\/\/www.aikodesign.fr\/en\/produit\/bag-cabas-praga\/\" \/>\n<meta property=\"og:site_name\" content=\"A\u00efko\" \/>\n<meta property=\"article:modified_time\" content=\"2025-01-29T22:57:51+00:00\" \/>\n<meta property=\"og:image\" content=\"https:\/\/www.aikodesign.fr\/wp-content\/uploads\/2018\/05\/680577742000-Praga-M-e1528186588159.jpg\" \/>\n\t<meta property=\"og:image:width\" content=\"1200\" \/>\n\t<meta property=\"og:image:height\" content=\"800\" \/>\n\t<meta property=\"og:image:type\" content=\"image\/jpeg\" \/>\n<meta name=\"twitter:card\" content=\"summary_large_image\" \/>\n<script type=\"application\/ld+json\" class=\"yoast-schema-graph\">{\"@context\":\"https:\\\/\\\/schema.org\",\"@graph\":[{\"@type\":\"WebPage\",\"@id\":\"https:\\\/\\\/www.aikodesign.fr\\\/en\\\/produit\\\/bag-cabas-praga\\\/\",\"url\":\"https:\\\/\\\/www.aikodesign.fr\\\/en\\\/produit\\\/bag-cabas-praga\\\/\",\"name\":\"Praga tote bag - A\u00efko\",\"isPartOf\":{\"@id\":\"https:\\\/\\\/www.aikodesign.fr\\\/en\\\/#website\"},\"primaryImageOfPage\":{\"@id\":\"https:\\\/\\\/www.aikodesign.fr\\\/en\\\/produit\\\/bag-cabas-praga\\\/#primaryimage\"},\"image\":{\"@id\":\"https:\\\/\\\/www.aikodesign.fr\\\/en\\\/produit\\\/bag-cabas-praga\\\/#primaryimage\"},\"thumbnailUrl\":\"https:\\\/\\\/i0.wp.com\\\/www.aikodesign.fr\\\/wp-content\\\/uploads\\\/2018\\\/05\\\/680577742000-Praga-M-e1528186588159.jpg?fit=1200%2C800&ssl=1\",\"datePublished\":\"2018-05-30T14:55:08+00:00\",\"dateModified\":\"2025-01-29T22:57:51+00:00\",\"breadcrumb\":{\"@id\":\"https:\\\/\\\/www.aikodesign.fr\\\/en\\\/produit\\\/bag-cabas-praga\\\/#breadcrumb\"},\"inLanguage\":\"en-US\",\"potentialAction\":[{\"@type\":\"ReadAction\",\"target\":[\"https:\\\/\\\/www.aikodesign.fr\\\/en\\\/produit\\\/bag-cabas-praga\\\/\"]}]},{\"@type\":\"ImageObject\",\"inLanguage\":\"en-US\",\"@id\":\"https:\\\/\\\/www.aikodesign.fr\\\/en\\\/produit\\\/bag-cabas-praga\\\/#primaryimage\",\"url\":\"https:\\\/\\\/i0.wp.com\\\/www.aikodesign.fr\\\/wp-content\\\/uploads\\\/2018\\\/05\\\/680577742000-Praga-M-e1528186588159.jpg?fit=1200%2C800&ssl=1\",\"contentUrl\":\"https:\\\/\\\/i0.wp.com\\\/www.aikodesign.fr\\\/wp-content\\\/uploads\\\/2018\\\/05\\\/680577742000-Praga-M-e1528186588159.jpg?fit=1200%2C800&ssl=1\",\"width\":1200,\"height\":800,\"caption\":\"Shopping bag Aiko PRAGA\"},{\"@type\":\"BreadcrumbList\",\"@id\":\"https:\\\/\\\/www.aikodesign.fr\\\/en\\\/produit\\\/bag-cabas-praga\\\/#breadcrumb\",\"itemListElement\":[{\"@type\":\"ListItem\",\"position\":1,\"name\":\"Accueil\",\"item\":\"https:\\\/\\\/www.aikodesign.fr\\\/en\\\/shop-2\\\/\"},{\"@type\":\"ListItem\",\"position\":2,\"name\":\"Shop\",\"item\":\"https:\\\/\\\/www.aikodesign.fr\\\/en\\\/shop-2\\\/\"},{\"@type\":\"ListItem\",\"position\":3,\"name\":\"Praga tote bag\"}]},{\"@type\":\"WebSite\",\"@id\":\"https:\\\/\\\/www.aikodesign.fr\\\/en\\\/#website\",\"url\":\"https:\\\/\\\/www.aikodesign.fr\\\/en\\\/\",\"name\":\"A\u00efko\",\"description\":\"Useful and beautiful\",\"publisher\":{\"@id\":\"https:\\\/\\\/www.aikodesign.fr\\\/en\\\/#organization\"},\"potentialAction\":[{\"@type\":\"SearchAction\",\"target\":{\"@type\":\"EntryPoint\",\"urlTemplate\":\"https:\\\/\\\/www.aikodesign.fr\\\/en\\\/?s={search_term_string}\"},\"query-input\":{\"@type\":\"PropertyValueSpecification\",\"valueRequired\":true,\"valueName\":\"search_term_string\"}}],\"inLanguage\":\"en-US\"},{\"@type\":\"Organization\",\"@id\":\"https:\\\/\\\/www.aikodesign.fr\\\/en\\\/#organization\",\"name\":\"AIKO\",\"url\":\"https:\\\/\\\/www.aikodesign.fr\\\/en\\\/\",\"logo\":{\"@type\":\"ImageObject\",\"inLanguage\":\"en-US\",\"@id\":\"https:\\\/\\\/www.aikodesign.fr\\\/en\\\/#\\\/schema\\\/logo\\\/image\\\/\",\"url\":\"https:\\\/\\\/i0.wp.com\\\/www.aikodesign.fr\\\/wp-content\\\/uploads\\\/2023\\\/09\\\/Logo_Aiko_512x512.jpg?fit=512%2C512&ssl=1\",\"contentUrl\":\"https:\\\/\\\/i0.wp.com\\\/www.aikodesign.fr\\\/wp-content\\\/uploads\\\/2023\\\/09\\\/Logo_Aiko_512x512.jpg?fit=512%2C512&ssl=1\",\"width\":512,\"height\":512,\"caption\":\"AIKO\"},\"image\":{\"@id\":\"https:\\\/\\\/www.aikodesign.fr\\\/en\\\/#\\\/schema\\\/logo\\\/image\\\/\"}}]}<\/script>\n<!-- \/ Yoast SEO plugin. -->","yoast_head_json":{"title":"Praga tote bag - A\u00efko","robots":{"index":"index","follow":"follow","max-snippet":"max-snippet:-1","max-image-preview":"max-image-preview:large","max-video-preview":"max-video-preview:-1"},"canonical":"https:\/\/www.aikodesign.fr\/en\/produit\/bag-cabas-praga\/","og_locale":"en_US","og_type":"article","og_title":"Praga tote bag - A\u00efko","og_description":"PRAGA beach bag or handbag. Made from 95% recycled materials. Handmade in Northern Vietnam. Shopping bag with clip closure, made from recycled materials. Simulated handles. Carried by hand or shoulder. Size M: 30 x 13 x 25 cms","og_url":"https:\/\/www.aikodesign.fr\/en\/produit\/bag-cabas-praga\/","og_site_name":"A\u00efko","article_modified_time":"2025-01-29T22:57:51+00:00","og_image":[{"width":1200,"height":800,"url":"https:\/\/www.aikodesign.fr\/wp-content\/uploads\/2018\/05\/680577742000-Praga-M-e1528186588159.jpg","type":"image\/jpeg"}],"twitter_card":"summary_large_image","schema":{"@context":"https:\/\/schema.org","@graph":[{"@type":"WebPage","@id":"https:\/\/www.aikodesign.fr\/en\/produit\/bag-cabas-praga\/","url":"https:\/\/www.aikodesign.fr\/en\/produit\/bag-cabas-praga\/","name":"Praga tote bag - A\u00efko","isPartOf":{"@id":"https:\/\/www.aikodesign.fr\/en\/#website"},"primaryImageOfPage":{"@id":"https:\/\/www.aikodesign.fr\/en\/produit\/bag-cabas-praga\/#primaryimage"},"image":{"@id":"https:\/\/www.aikodesign.fr\/en\/produit\/bag-cabas-praga\/#primaryimage"},"thumbnailUrl":"https:\/\/i0.wp.com\/www.aikodesign.fr\/wp-content\/uploads\/2018\/05\/680577742000-Praga-M-e1528186588159.jpg?fit=1200%2C800&ssl=1","datePublished":"2018-05-30T14:55:08+00:00","dateModified":"2025-01-29T22:57:51+00:00","breadcrumb":{"@id":"https:\/\/www.aikodesign.fr\/en\/produit\/bag-cabas-praga\/#breadcrumb"},"inLanguage":"en-US","potentialAction":[{"@type":"ReadAction","target":["https:\/\/www.aikodesign.fr\/en\/produit\/bag-cabas-praga\/"]}]},{"@type":"ImageObject","inLanguage":"en-US","@id":"https:\/\/www.aikodesign.fr\/en\/produit\/bag-cabas-praga\/#primaryimage","url":"https:\/\/i0.wp.com\/www.aikodesign.fr\/wp-content\/uploads\/2018\/05\/680577742000-Praga-M-e1528186588159.jpg?fit=1200%2C800&ssl=1","contentUrl":"https:\/\/i0.wp.com\/www.aikodesign.fr\/wp-content\/uploads\/2018\/05\/680577742000-Praga-M-e1528186588159.jpg?fit=1200%2C800&ssl=1","width":1200,"height":800,"caption":"Shopping bag Aiko PRAGA"},{"@type":"BreadcrumbList","@id":"https:\/\/www.aikodesign.fr\/en\/produit\/bag-cabas-praga\/#breadcrumb","itemListElement":[{"@type":"ListItem","position":1,"name":"Accueil","item":"https:\/\/www.aikodesign.fr\/en\/shop-2\/"},{"@type":"ListItem","position":2,"name":"Shop","item":"https:\/\/www.aikodesign.fr\/en\/shop-2\/"},{"@type":"ListItem","position":3,"name":"Praga tote bag"}]},{"@type":"WebSite","@id":"https:\/\/www.aikodesign.fr\/en\/#website","url":"https:\/\/www.aikodesign.fr\/en\/","name":"A\u00efko","description":"Useful and beautiful","publisher":{"@id":"https:\/\/www.aikodesign.fr\/en\/#organization"},"potentialAction":[{"@type":"SearchAction","target":{"@type":"EntryPoint","urlTemplate":"https:\/\/www.aikodesign.fr\/en\/?s={search_term_string}"},"query-input":{"@type":"PropertyValueSpecification","valueRequired":true,"valueName":"search_term_string"}}],"inLanguage":"en-US"},{"@type":"Organization","@id":"https:\/\/www.aikodesign.fr\/en\/#organization","name":"AIKO","url":"https:\/\/www.aikodesign.fr\/en\/","logo":{"@type":"ImageObject","inLanguage":"en-US","@id":"https:\/\/www.aikodesign.fr\/en\/#\/schema\/logo\/image\/","url":"https:\/\/i0.wp.com\/www.aikodesign.fr\/wp-content\/uploads\/2023\/09\/Logo_Aiko_512x512.jpg?fit=512%2C512&ssl=1","contentUrl":"https:\/\/i0.wp.com\/www.aikodesign.fr\/wp-content\/uploads\/2023\/09\/Logo_Aiko_512x512.jpg?fit=512%2C512&ssl=1","width":512,"height":512,"caption":"AIKO"},"image":{"@id":"https:\/\/www.aikodesign.fr\/en\/#\/schema\/logo\/image\/"}}]}},"_links":{"self":[{"href":"https:\/\/www.aikodesign.fr\/en\/wp-json\/wp\/v2\/product\/10443","targetHints":{"allow":["GET"]}}],"collection":[{"href":"https:\/\/www.aikodesign.fr\/en\/wp-json\/wp\/v2\/product"}],"about":[{"href":"https:\/\/www.aikodesign.fr\/en\/wp-json\/wp\/v2\/types\/product"}],"wp:featuredmedia":[{"embeddable":true,"href":"https:\/\/www.aikodesign.fr\/en\/wp-json\/wp\/v2\/media\/7224"}],"wp:attachment":[{"href":"https:\/\/www.aikodesign.fr\/en\/wp-json\/wp\/v2\/media?parent=10443"}],"wp:term":[{"taxonomy":"product_brand","embeddable":true,"href":"https:\/\/www.aikodesign.fr\/en\/wp-json\/wp\/v2\/product_brand?post=10443"},{"taxonomy":"product_cat","embeddable":true,"href":"https:\/\/www.aikodesign.fr\/en\/wp-json\/wp\/v2\/product_cat?post=10443"},{"taxonomy":"product_tag","embeddable":true,"href":"https:\/\/www.aikodesign.fr\/en\/wp-json\/wp\/v2\/product_tag?post=10443"}],"curies":[{"name":"wp","href":"https:\/\/api.w.org\/{rel}","templated":true}]}}