{"id":10357,"date":"2019-04-17T18:43:58","date_gmt":"2019-04-17T16:43:58","guid":{"rendered":"https:\/\/www.aikodesign.fr\/produit\/mozaiko-20lu-luminous\/"},"modified":"2025-01-29T23:57:13","modified_gmt":"2025-01-29T22:57:13","slug":"mozaiko-20-luminous","status":"publish","type":"product","link":"https:\/\/www.aikodesign.fr\/en\/produit\/mozaiko-20-luminous\/","title":{"rendered":"MOZAIKO 20LU Luminous"},"content":{"rendered":"<p><span data-sheets-value=\"{\"1\":2,\"2\":\"Lumineux !\\nCe sac est con\u00e7u dans une mati\u00e8re qui r\u00e9fl\u00e9chit la lumi\u00e8re !\\nUn sac qui s'adapte \u00e0 l'ambiance du moment, en toutes circonstances.\\nSobre et chic le jour, lumineux au soleil, festif la nuit !\\nDimensions :20*10x2,5cm \\nGamme : Lumineux\"}\" data-sheets-userformat=\"{\"2\":14785,\"3\":[null,2,\"_(\"$\"* #,##0.00_);_(\"$\"* \\(#,##0.00\\);_(\"$\"* \"-\"??_);_(@_)\",1],\"9\":0,\"10\":1,\"11\":4,\"14\":[null,2,0],\"15\":\"Calibri\",\"16\":9}\" data-sheets-formula=\"=RECHERCHEV(R[0]C[-2];forsale!R4C1:R272C20;6;FAUX)\">Luminous!<br \/>\nThis bag is made from a material that reflects light!<br \/>\nA bag that adapts to the mood of the moment, whatever the occasion.<br \/>\nSober and chic by day, luminous in the sun, festive by night!<br \/>\nDimensions:20*10&#215;2.5cm<br \/>\nRange : Luminous<\/span><\/p>\n<p>MOZAIKO bags are ultra-light, yet extremely durable. Quality finishes.<br \/>\nAssembly is done by heat welding (no glue!)<br \/>\nWaterproof, supplied with storage pouch, flat storage, adjustable chain for all wearing heights&#8230;.<\/p>\n","protected":false},"excerpt":{"rendered":"<p><span data-sheets-value=\"{\"1\":2,\"2\":\"Lumineux !\\nCe sac est con\u00e7u dans une mati\u00e8re qui r\u00e9fl\u00e9chit la lumi\u00e8re !\\nUn sac qui s'adapte \u00e0 l'ambiance du moment, en toutes circonstances.\\nSobre et chic le jour, lumineux au soleil, festif la nuit !\\nDimensions :20*10x2,5cm \\nGamme : Lumineux\"}\" data-sheets-userformat=\"{\"2\":14785,\"3\":[null,2,\"_(\"$\"* #,##0.00_);_(\"$\"* \\(#,##0.00\\);_(\"$\"* \"-\"??_);_(@_)\",1],\"9\":0,\"10\":1,\"11\":4,\"14\":[null,2,0],\"15\":\"Calibri\",\"16\":9}\" data-sheets-formula=\"=RECHERCHEV(R[0]C[-2];forsale!R4C1:R272C20;6;FAUX)\">Luminous!<br \/>\nThis bag is made from a material that reflects light!<br \/>\nA bag that adapts to the mood of the moment, whatever the occasion.<br \/>\nSober and chic by day, luminous in the sun, festive by night!<br \/>\n<\/span><span data-sheets-value=\"{\"1\":2,\"2\":\"Lumineux !\\nCe sac est con\u00e7u dans une mati\u00e8re qui r\u00e9fl\u00e9chit la lumi\u00e8re !\\nUn sac qui s'adapte \u00e0 l'ambiance du moment, en toutes circonstances.\\nSobre et chic le jour, lumineux au soleil, festif la nuit !\\nDimensions :20*10x2,5cm \\nGamme : Lumineux\"}\" data-sheets-userformat=\"{\"2\":14785,\"3\":[null,2,\"_(\"$\"* #,##0.00_);_(\"$\"* \\(#,##0.00\\);_(\"$\"* \"-\"??_);_(@_)\",1],\"9\":0,\"10\":1,\"11\":4,\"14\":[null,2,0],\"15\":\"Calibri\",\"16\":9}\" data-sheets-formula=\"=RECHERCHEV(R[0]C[-2];forsale!R4C1:R272C20;6;FAUX)\">Photographed with a Flash, it becomes fun and playful \ud83d\ude42<br \/>\n<\/span><span data-sheets-value=\"{\"1\":2,\"2\":\"Lumineux !\\nCe sac est con\u00e7u dans une mati\u00e8re qui r\u00e9fl\u00e9chit la lumi\u00e8re !\\nUn sac qui s'adapte \u00e0 l'ambiance du moment, en toutes circonstances.\\nSobre et chic le jour, lumineux au soleil, festif la nuit !\\nDimensions :20*10x2,5cm \\nGamme : Lumineux\"}\" data-sheets-userformat=\"{\"2\":14785,\"3\":[null,2,\"_(\"$\"* #,##0.00_);_(\"$\"* \\(#,##0.00\\);_(\"$\"* \"-\"??_);_(@_)\",1],\"9\":0,\"10\":1,\"11\":4,\"14\":[null,2,0],\"15\":\"Calibri\",\"16\":9}\" data-sheets-formula=\"=RECHERCHEV(R[0]C[-2];forsale!R4C1:R272C20;6;FAUX)\">Dimensions :20*10&#215;2,5cm<br \/>\nRange : Luminous <\/span> <\/p>\n","protected":false},"featured_media":10358,"template":"","meta":[],"product_brand":[],"product_cat":[267,262,249],"product_tag":[257,266,268,251,250,253,269],"class_list":{"0":"post-10357","1":"product","2":"type-product","3":"status-publish","4":"has-post-thumbnail","6":"product_cat-companions","7":"product_cat-evening-bags","8":"product_cat-mozaiko-en","9":"product_tag-bag","10":"product_tag-banana","11":"product_tag-companion","12":"product_tag-handbag","13":"product_tag-mozaiko-en","14":"product_tag-vegan-en","15":"product_tag-wallets","17":"first","18":"instock","19":"taxable","20":"shipping-taxable","21":"purchasable","22":"product-type-simple"},"yoast_head":"<!-- This site is optimized with the Yoast SEO plugin v27.4 - https:\/\/yoast.com\/product\/yoast-seo-wordpress\/ -->\n<title>MOZAIKO 20LU Luminous - A\u00efko<\/title>\n<meta name=\"robots\" content=\"index, follow, max-snippet:-1, max-image-preview:large, max-video-preview:-1\" \/>\n<link rel=\"canonical\" href=\"https:\/\/www.aikodesign.fr\/en\/produit\/mozaiko-20-luminous\/\" \/>\n<meta property=\"og:locale\" content=\"en_US\" \/>\n<meta property=\"og:type\" content=\"article\" \/>\n<meta property=\"og:title\" content=\"MOZAIKO 20LU Luminous - A\u00efko\" \/>\n<meta property=\"og:description\" content=\"Luminous! This bag is made from a material that reflects light! A bag that adapts to the mood of the moment, whatever the occasion. Sober and chic by day, luminous in the sun, festive by night! Photographed with a Flash, it becomes fun and playful :) Dimensions :20*10x2,5cm Range : Luminous\" \/>\n<meta property=\"og:url\" content=\"https:\/\/www.aikodesign.fr\/en\/produit\/mozaiko-20-luminous\/\" \/>\n<meta property=\"og:site_name\" content=\"A\u00efko\" \/>\n<meta property=\"article:modified_time\" content=\"2025-01-29T22:57:13+00:00\" \/>\n<meta property=\"og:image\" content=\"https:\/\/www.aikodesign.fr\/wp-content\/uploads\/2019\/04\/MOZAIKO-20LU-4-scaled.jpg\" \/>\n\t<meta property=\"og:image:width\" content=\"2560\" \/>\n\t<meta property=\"og:image:height\" content=\"2560\" \/>\n\t<meta property=\"og:image:type\" content=\"image\/jpeg\" \/>\n<meta name=\"twitter:card\" content=\"summary_large_image\" \/>\n<script type=\"application\/ld+json\" class=\"yoast-schema-graph\">{\"@context\":\"https:\\\/\\\/schema.org\",\"@graph\":[{\"@type\":\"WebPage\",\"@id\":\"https:\\\/\\\/www.aikodesign.fr\\\/en\\\/produit\\\/mozaiko-20-luminous\\\/\",\"url\":\"https:\\\/\\\/www.aikodesign.fr\\\/en\\\/produit\\\/mozaiko-20-luminous\\\/\",\"name\":\"MOZAIKO 20LU Luminous - A\u00efko\",\"isPartOf\":{\"@id\":\"https:\\\/\\\/www.aikodesign.fr\\\/en\\\/#website\"},\"primaryImageOfPage\":{\"@id\":\"https:\\\/\\\/www.aikodesign.fr\\\/en\\\/produit\\\/mozaiko-20-luminous\\\/#primaryimage\"},\"image\":{\"@id\":\"https:\\\/\\\/www.aikodesign.fr\\\/en\\\/produit\\\/mozaiko-20-luminous\\\/#primaryimage\"},\"thumbnailUrl\":\"https:\\\/\\\/i0.wp.com\\\/www.aikodesign.fr\\\/wp-content\\\/uploads\\\/2019\\\/04\\\/MOZAIKO-20LU-4-scaled.jpg?fit=2560%2C2560&ssl=1\",\"datePublished\":\"2019-04-17T16:43:58+00:00\",\"dateModified\":\"2025-01-29T22:57:13+00:00\",\"breadcrumb\":{\"@id\":\"https:\\\/\\\/www.aikodesign.fr\\\/en\\\/produit\\\/mozaiko-20-luminous\\\/#breadcrumb\"},\"inLanguage\":\"en-US\",\"potentialAction\":[{\"@type\":\"ReadAction\",\"target\":[\"https:\\\/\\\/www.aikodesign.fr\\\/en\\\/produit\\\/mozaiko-20-luminous\\\/\"]}]},{\"@type\":\"ImageObject\",\"inLanguage\":\"en-US\",\"@id\":\"https:\\\/\\\/www.aikodesign.fr\\\/en\\\/produit\\\/mozaiko-20-luminous\\\/#primaryimage\",\"url\":\"https:\\\/\\\/i0.wp.com\\\/www.aikodesign.fr\\\/wp-content\\\/uploads\\\/2019\\\/04\\\/MOZAIKO-20LU-4-scaled.jpg?fit=2560%2C2560&ssl=1\",\"contentUrl\":\"https:\\\/\\\/i0.wp.com\\\/www.aikodesign.fr\\\/wp-content\\\/uploads\\\/2019\\\/04\\\/MOZAIKO-20LU-4-scaled.jpg?fit=2560%2C2560&ssl=1\",\"width\":2560,\"height\":2560},{\"@type\":\"BreadcrumbList\",\"@id\":\"https:\\\/\\\/www.aikodesign.fr\\\/en\\\/produit\\\/mozaiko-20-luminous\\\/#breadcrumb\",\"itemListElement\":[{\"@type\":\"ListItem\",\"position\":1,\"name\":\"Accueil\",\"item\":\"https:\\\/\\\/www.aikodesign.fr\\\/en\\\/shop-2\\\/\"},{\"@type\":\"ListItem\",\"position\":2,\"name\":\"Shop\",\"item\":\"https:\\\/\\\/www.aikodesign.fr\\\/en\\\/shop-2\\\/\"},{\"@type\":\"ListItem\",\"position\":3,\"name\":\"MOZAIKO 20LU Luminous\"}]},{\"@type\":\"WebSite\",\"@id\":\"https:\\\/\\\/www.aikodesign.fr\\\/en\\\/#website\",\"url\":\"https:\\\/\\\/www.aikodesign.fr\\\/en\\\/\",\"name\":\"A\u00efko\",\"description\":\"Useful and beautiful\",\"publisher\":{\"@id\":\"https:\\\/\\\/www.aikodesign.fr\\\/en\\\/#organization\"},\"potentialAction\":[{\"@type\":\"SearchAction\",\"target\":{\"@type\":\"EntryPoint\",\"urlTemplate\":\"https:\\\/\\\/www.aikodesign.fr\\\/en\\\/?s={search_term_string}\"},\"query-input\":{\"@type\":\"PropertyValueSpecification\",\"valueRequired\":true,\"valueName\":\"search_term_string\"}}],\"inLanguage\":\"en-US\"},{\"@type\":\"Organization\",\"@id\":\"https:\\\/\\\/www.aikodesign.fr\\\/en\\\/#organization\",\"name\":\"AIKO\",\"url\":\"https:\\\/\\\/www.aikodesign.fr\\\/en\\\/\",\"logo\":{\"@type\":\"ImageObject\",\"inLanguage\":\"en-US\",\"@id\":\"https:\\\/\\\/www.aikodesign.fr\\\/en\\\/#\\\/schema\\\/logo\\\/image\\\/\",\"url\":\"https:\\\/\\\/i0.wp.com\\\/www.aikodesign.fr\\\/wp-content\\\/uploads\\\/2023\\\/09\\\/Logo_Aiko_512x512.jpg?fit=512%2C512&ssl=1\",\"contentUrl\":\"https:\\\/\\\/i0.wp.com\\\/www.aikodesign.fr\\\/wp-content\\\/uploads\\\/2023\\\/09\\\/Logo_Aiko_512x512.jpg?fit=512%2C512&ssl=1\",\"width\":512,\"height\":512,\"caption\":\"AIKO\"},\"image\":{\"@id\":\"https:\\\/\\\/www.aikodesign.fr\\\/en\\\/#\\\/schema\\\/logo\\\/image\\\/\"}}]}<\/script>\n<!-- \/ Yoast SEO plugin. -->","yoast_head_json":{"title":"MOZAIKO 20LU Luminous - A\u00efko","robots":{"index":"index","follow":"follow","max-snippet":"max-snippet:-1","max-image-preview":"max-image-preview:large","max-video-preview":"max-video-preview:-1"},"canonical":"https:\/\/www.aikodesign.fr\/en\/produit\/mozaiko-20-luminous\/","og_locale":"en_US","og_type":"article","og_title":"MOZAIKO 20LU Luminous - A\u00efko","og_description":"Luminous! This bag is made from a material that reflects light! A bag that adapts to the mood of the moment, whatever the occasion. Sober and chic by day, luminous in the sun, festive by night! Photographed with a Flash, it becomes fun and playful :) Dimensions :20*10x2,5cm Range : Luminous","og_url":"https:\/\/www.aikodesign.fr\/en\/produit\/mozaiko-20-luminous\/","og_site_name":"A\u00efko","article_modified_time":"2025-01-29T22:57:13+00:00","og_image":[{"width":2560,"height":2560,"url":"https:\/\/www.aikodesign.fr\/wp-content\/uploads\/2019\/04\/MOZAIKO-20LU-4-scaled.jpg","type":"image\/jpeg"}],"twitter_card":"summary_large_image","schema":{"@context":"https:\/\/schema.org","@graph":[{"@type":"WebPage","@id":"https:\/\/www.aikodesign.fr\/en\/produit\/mozaiko-20-luminous\/","url":"https:\/\/www.aikodesign.fr\/en\/produit\/mozaiko-20-luminous\/","name":"MOZAIKO 20LU Luminous - A\u00efko","isPartOf":{"@id":"https:\/\/www.aikodesign.fr\/en\/#website"},"primaryImageOfPage":{"@id":"https:\/\/www.aikodesign.fr\/en\/produit\/mozaiko-20-luminous\/#primaryimage"},"image":{"@id":"https:\/\/www.aikodesign.fr\/en\/produit\/mozaiko-20-luminous\/#primaryimage"},"thumbnailUrl":"https:\/\/i0.wp.com\/www.aikodesign.fr\/wp-content\/uploads\/2019\/04\/MOZAIKO-20LU-4-scaled.jpg?fit=2560%2C2560&ssl=1","datePublished":"2019-04-17T16:43:58+00:00","dateModified":"2025-01-29T22:57:13+00:00","breadcrumb":{"@id":"https:\/\/www.aikodesign.fr\/en\/produit\/mozaiko-20-luminous\/#breadcrumb"},"inLanguage":"en-US","potentialAction":[{"@type":"ReadAction","target":["https:\/\/www.aikodesign.fr\/en\/produit\/mozaiko-20-luminous\/"]}]},{"@type":"ImageObject","inLanguage":"en-US","@id":"https:\/\/www.aikodesign.fr\/en\/produit\/mozaiko-20-luminous\/#primaryimage","url":"https:\/\/i0.wp.com\/www.aikodesign.fr\/wp-content\/uploads\/2019\/04\/MOZAIKO-20LU-4-scaled.jpg?fit=2560%2C2560&ssl=1","contentUrl":"https:\/\/i0.wp.com\/www.aikodesign.fr\/wp-content\/uploads\/2019\/04\/MOZAIKO-20LU-4-scaled.jpg?fit=2560%2C2560&ssl=1","width":2560,"height":2560},{"@type":"BreadcrumbList","@id":"https:\/\/www.aikodesign.fr\/en\/produit\/mozaiko-20-luminous\/#breadcrumb","itemListElement":[{"@type":"ListItem","position":1,"name":"Accueil","item":"https:\/\/www.aikodesign.fr\/en\/shop-2\/"},{"@type":"ListItem","position":2,"name":"Shop","item":"https:\/\/www.aikodesign.fr\/en\/shop-2\/"},{"@type":"ListItem","position":3,"name":"MOZAIKO 20LU Luminous"}]},{"@type":"WebSite","@id":"https:\/\/www.aikodesign.fr\/en\/#website","url":"https:\/\/www.aikodesign.fr\/en\/","name":"A\u00efko","description":"Useful and beautiful","publisher":{"@id":"https:\/\/www.aikodesign.fr\/en\/#organization"},"potentialAction":[{"@type":"SearchAction","target":{"@type":"EntryPoint","urlTemplate":"https:\/\/www.aikodesign.fr\/en\/?s={search_term_string}"},"query-input":{"@type":"PropertyValueSpecification","valueRequired":true,"valueName":"search_term_string"}}],"inLanguage":"en-US"},{"@type":"Organization","@id":"https:\/\/www.aikodesign.fr\/en\/#organization","name":"AIKO","url":"https:\/\/www.aikodesign.fr\/en\/","logo":{"@type":"ImageObject","inLanguage":"en-US","@id":"https:\/\/www.aikodesign.fr\/en\/#\/schema\/logo\/image\/","url":"https:\/\/i0.wp.com\/www.aikodesign.fr\/wp-content\/uploads\/2023\/09\/Logo_Aiko_512x512.jpg?fit=512%2C512&ssl=1","contentUrl":"https:\/\/i0.wp.com\/www.aikodesign.fr\/wp-content\/uploads\/2023\/09\/Logo_Aiko_512x512.jpg?fit=512%2C512&ssl=1","width":512,"height":512,"caption":"AIKO"},"image":{"@id":"https:\/\/www.aikodesign.fr\/en\/#\/schema\/logo\/image\/"}}]}},"_links":{"self":[{"href":"https:\/\/www.aikodesign.fr\/en\/wp-json\/wp\/v2\/product\/10357","targetHints":{"allow":["GET"]}}],"collection":[{"href":"https:\/\/www.aikodesign.fr\/en\/wp-json\/wp\/v2\/product"}],"about":[{"href":"https:\/\/www.aikodesign.fr\/en\/wp-json\/wp\/v2\/types\/product"}],"wp:featuredmedia":[{"embeddable":true,"href":"https:\/\/www.aikodesign.fr\/en\/wp-json\/wp\/v2\/media\/10358"}],"wp:attachment":[{"href":"https:\/\/www.aikodesign.fr\/en\/wp-json\/wp\/v2\/media?parent=10357"}],"wp:term":[{"taxonomy":"product_brand","embeddable":true,"href":"https:\/\/www.aikodesign.fr\/en\/wp-json\/wp\/v2\/product_brand?post=10357"},{"taxonomy":"product_cat","embeddable":true,"href":"https:\/\/www.aikodesign.fr\/en\/wp-json\/wp\/v2\/product_cat?post=10357"},{"taxonomy":"product_tag","embeddable":true,"href":"https:\/\/www.aikodesign.fr\/en\/wp-json\/wp\/v2\/product_tag?post=10357"}],"curies":[{"name":"wp","href":"https:\/\/api.w.org\/{rel}","templated":true}]}}