{"id":10041,"date":"2020-02-09T16:57:06","date_gmt":"2020-02-09T15:57:06","guid":{"rendered":"https:\/\/www.aikodesign.fr\/produit\/mozaiko-banblu\/"},"modified":"2025-01-29T23:55:56","modified_gmt":"2025-01-29T22:55:56","slug":"mozaiko-ban-b-lu","status":"publish","type":"product","link":"https:\/\/www.aikodesign.fr\/en\/produit\/mozaiko-ban-b-lu\/","title":{"rendered":"Mozaiko BANBLU"},"content":{"rendered":"<p><span data-sheets-value=\"{\"1\":2,\"2\":\"Lumineux !r\\nCe sac banane r\u00e9fl\u00e9chit la lumi\u00e8re !\\nDimensions : 19*13cm\\nCeinture : 2.5 cms \u00e9p. Jusqu'\u00e0 129cm de long\\nLogo A\u00efko\"}\" data-sheets-userformat=\"{\"2\":14785,\"3\":[null,2,\"_(\"$\"* #,##0.00_);_(\"$\"* \\(#,##0.00\\);_(\"$\"* \"-\"??_);_(@_)\",1],\"9\":0,\"10\":1,\"11\":4,\"14\":[null,2,0],\"15\":\"Calibri\",\"16\":9}\" data-sheets-formula=\"=RECHERCHEV(R[0]C[-2];forsale!R4C1:R324C20;6;FAUX)\">Bright!<br \/>\nThis fanny pack reflects light!<br \/>\nDimensions: 19*13cm<br \/>\nBelt: 2.5 cms thick. Up to 129cm long<br \/>\nLogo A\u00efko  <\/span><\/p>\n","protected":false},"excerpt":{"rendered":"<p><span data-sheets-value=\"{\"1\":2,\"2\":\"Lumineux !r\\nCe sac banane r\u00e9fl\u00e9chit la lumi\u00e8re !\\nDimensions : 19*13cm\\nCeinture : 2.5 cms \u00e9p. Jusqu'\u00e0 129cm de long\\nLogo A\u00efko\"}\" data-sheets-userformat=\"{\"2\":14785,\"3\":[null,2,\"_(\"$\"* #,##0.00_);_(\"$\"* \\(#,##0.00\\);_(\"$\"* \"-\"??_);_(@_)\",1],\"9\":0,\"10\":1,\"11\":4,\"14\":[null,2,0],\"15\":\"Calibri\",\"16\":9}\" data-sheets-formula=\"=RECHERCHEV(R[0]C[-2];forsale!R4C1:R324C20;6;FAUX)\">Bright!<br \/>\nThis fanny pack reflects light!<br \/>\nDimensions: 19*13cm<br \/>\nBelt: 2.5 cms thick. Up to 129cm long<br \/>\nLogo A\u00efko  <\/span><\/p>\n","protected":false},"featured_media":10058,"template":"","meta":[],"product_brand":[],"product_cat":[265,249],"product_tag":[266,245,261,250,253],"class_list":{"0":"post-10041","1":"product","2":"type-product","3":"status-publish","4":"has-post-thumbnail","6":"product_cat-banana-bags","7":"product_cat-mozaiko-en","8":"product_tag-banana","9":"product_tag-geometric-en","10":"product_tag-luminous","11":"product_tag-mozaiko-en","12":"product_tag-vegan-en","14":"first","15":"instock","16":"sale","17":"taxable","18":"shipping-taxable","19":"purchasable","20":"product-type-simple"},"yoast_head":"<!-- This site is optimized with the Yoast SEO plugin v27.4 - https:\/\/yoast.com\/product\/yoast-seo-wordpress\/ -->\n<title>Mozaiko BANBLU - A\u00efko<\/title>\n<meta name=\"robots\" content=\"index, follow, max-snippet:-1, max-image-preview:large, max-video-preview:-1\" \/>\n<link rel=\"canonical\" href=\"https:\/\/www.aikodesign.fr\/en\/produit\/mozaiko-ban-b-lu\/\" \/>\n<meta property=\"og:locale\" content=\"en_US\" \/>\n<meta property=\"og:type\" content=\"article\" \/>\n<meta property=\"og:title\" content=\"Mozaiko BANBLU - A\u00efko\" \/>\n<meta property=\"og:url\" content=\"https:\/\/www.aikodesign.fr\/en\/produit\/mozaiko-ban-b-lu\/\" \/>\n<meta property=\"og:site_name\" content=\"A\u00efko\" \/>\n<meta property=\"article:modified_time\" content=\"2025-01-29T22:55:56+00:00\" \/>\n<meta property=\"og:image\" content=\"https:\/\/www.aikodesign.fr\/wp-content\/uploads\/2020\/02\/BAN.B.LU-4-scaled.jpg\" \/>\n\t<meta property=\"og:image:width\" content=\"2560\" \/>\n\t<meta property=\"og:image:height\" content=\"2560\" \/>\n\t<meta property=\"og:image:type\" content=\"image\/jpeg\" \/>\n<meta name=\"twitter:card\" content=\"summary_large_image\" \/>\n<script type=\"application\/ld+json\" class=\"yoast-schema-graph\">{\"@context\":\"https:\\\/\\\/schema.org\",\"@graph\":[{\"@type\":\"WebPage\",\"@id\":\"https:\\\/\\\/www.aikodesign.fr\\\/en\\\/produit\\\/mozaiko-ban-b-lu\\\/\",\"url\":\"https:\\\/\\\/www.aikodesign.fr\\\/en\\\/produit\\\/mozaiko-ban-b-lu\\\/\",\"name\":\"Mozaiko BANBLU - A\u00efko\",\"isPartOf\":{\"@id\":\"https:\\\/\\\/www.aikodesign.fr\\\/en\\\/#website\"},\"primaryImageOfPage\":{\"@id\":\"https:\\\/\\\/www.aikodesign.fr\\\/en\\\/produit\\\/mozaiko-ban-b-lu\\\/#primaryimage\"},\"image\":{\"@id\":\"https:\\\/\\\/www.aikodesign.fr\\\/en\\\/produit\\\/mozaiko-ban-b-lu\\\/#primaryimage\"},\"thumbnailUrl\":\"https:\\\/\\\/i0.wp.com\\\/www.aikodesign.fr\\\/wp-content\\\/uploads\\\/2020\\\/02\\\/BAN.B.LU-4-scaled.jpg?fit=2560%2C2560&ssl=1\",\"datePublished\":\"2020-02-09T15:57:06+00:00\",\"dateModified\":\"2025-01-29T22:55:56+00:00\",\"breadcrumb\":{\"@id\":\"https:\\\/\\\/www.aikodesign.fr\\\/en\\\/produit\\\/mozaiko-ban-b-lu\\\/#breadcrumb\"},\"inLanguage\":\"en-US\",\"potentialAction\":[{\"@type\":\"ReadAction\",\"target\":[\"https:\\\/\\\/www.aikodesign.fr\\\/en\\\/produit\\\/mozaiko-ban-b-lu\\\/\"]}]},{\"@type\":\"ImageObject\",\"inLanguage\":\"en-US\",\"@id\":\"https:\\\/\\\/www.aikodesign.fr\\\/en\\\/produit\\\/mozaiko-ban-b-lu\\\/#primaryimage\",\"url\":\"https:\\\/\\\/i0.wp.com\\\/www.aikodesign.fr\\\/wp-content\\\/uploads\\\/2020\\\/02\\\/BAN.B.LU-4-scaled.jpg?fit=2560%2C2560&ssl=1\",\"contentUrl\":\"https:\\\/\\\/i0.wp.com\\\/www.aikodesign.fr\\\/wp-content\\\/uploads\\\/2020\\\/02\\\/BAN.B.LU-4-scaled.jpg?fit=2560%2C2560&ssl=1\",\"width\":2560,\"height\":2560},{\"@type\":\"BreadcrumbList\",\"@id\":\"https:\\\/\\\/www.aikodesign.fr\\\/en\\\/produit\\\/mozaiko-ban-b-lu\\\/#breadcrumb\",\"itemListElement\":[{\"@type\":\"ListItem\",\"position\":1,\"name\":\"Accueil\",\"item\":\"https:\\\/\\\/www.aikodesign.fr\\\/en\\\/shop-2\\\/\"},{\"@type\":\"ListItem\",\"position\":2,\"name\":\"Shop\",\"item\":\"https:\\\/\\\/www.aikodesign.fr\\\/en\\\/shop-2\\\/\"},{\"@type\":\"ListItem\",\"position\":3,\"name\":\"Mozaiko BANBLU\"}]},{\"@type\":\"WebSite\",\"@id\":\"https:\\\/\\\/www.aikodesign.fr\\\/en\\\/#website\",\"url\":\"https:\\\/\\\/www.aikodesign.fr\\\/en\\\/\",\"name\":\"A\u00efko\",\"description\":\"Useful and beautiful\",\"publisher\":{\"@id\":\"https:\\\/\\\/www.aikodesign.fr\\\/en\\\/#organization\"},\"potentialAction\":[{\"@type\":\"SearchAction\",\"target\":{\"@type\":\"EntryPoint\",\"urlTemplate\":\"https:\\\/\\\/www.aikodesign.fr\\\/en\\\/?s={search_term_string}\"},\"query-input\":{\"@type\":\"PropertyValueSpecification\",\"valueRequired\":true,\"valueName\":\"search_term_string\"}}],\"inLanguage\":\"en-US\"},{\"@type\":\"Organization\",\"@id\":\"https:\\\/\\\/www.aikodesign.fr\\\/en\\\/#organization\",\"name\":\"AIKO\",\"url\":\"https:\\\/\\\/www.aikodesign.fr\\\/en\\\/\",\"logo\":{\"@type\":\"ImageObject\",\"inLanguage\":\"en-US\",\"@id\":\"https:\\\/\\\/www.aikodesign.fr\\\/en\\\/#\\\/schema\\\/logo\\\/image\\\/\",\"url\":\"https:\\\/\\\/i0.wp.com\\\/www.aikodesign.fr\\\/wp-content\\\/uploads\\\/2023\\\/09\\\/Logo_Aiko_512x512.jpg?fit=512%2C512&ssl=1\",\"contentUrl\":\"https:\\\/\\\/i0.wp.com\\\/www.aikodesign.fr\\\/wp-content\\\/uploads\\\/2023\\\/09\\\/Logo_Aiko_512x512.jpg?fit=512%2C512&ssl=1\",\"width\":512,\"height\":512,\"caption\":\"AIKO\"},\"image\":{\"@id\":\"https:\\\/\\\/www.aikodesign.fr\\\/en\\\/#\\\/schema\\\/logo\\\/image\\\/\"}}]}<\/script>\n<!-- \/ Yoast SEO plugin. -->","yoast_head_json":{"title":"Mozaiko BANBLU - A\u00efko","robots":{"index":"index","follow":"follow","max-snippet":"max-snippet:-1","max-image-preview":"max-image-preview:large","max-video-preview":"max-video-preview:-1"},"canonical":"https:\/\/www.aikodesign.fr\/en\/produit\/mozaiko-ban-b-lu\/","og_locale":"en_US","og_type":"article","og_title":"Mozaiko BANBLU - A\u00efko","og_url":"https:\/\/www.aikodesign.fr\/en\/produit\/mozaiko-ban-b-lu\/","og_site_name":"A\u00efko","article_modified_time":"2025-01-29T22:55:56+00:00","og_image":[{"width":2560,"height":2560,"url":"https:\/\/www.aikodesign.fr\/wp-content\/uploads\/2020\/02\/BAN.B.LU-4-scaled.jpg","type":"image\/jpeg"}],"twitter_card":"summary_large_image","schema":{"@context":"https:\/\/schema.org","@graph":[{"@type":"WebPage","@id":"https:\/\/www.aikodesign.fr\/en\/produit\/mozaiko-ban-b-lu\/","url":"https:\/\/www.aikodesign.fr\/en\/produit\/mozaiko-ban-b-lu\/","name":"Mozaiko BANBLU - A\u00efko","isPartOf":{"@id":"https:\/\/www.aikodesign.fr\/en\/#website"},"primaryImageOfPage":{"@id":"https:\/\/www.aikodesign.fr\/en\/produit\/mozaiko-ban-b-lu\/#primaryimage"},"image":{"@id":"https:\/\/www.aikodesign.fr\/en\/produit\/mozaiko-ban-b-lu\/#primaryimage"},"thumbnailUrl":"https:\/\/i0.wp.com\/www.aikodesign.fr\/wp-content\/uploads\/2020\/02\/BAN.B.LU-4-scaled.jpg?fit=2560%2C2560&ssl=1","datePublished":"2020-02-09T15:57:06+00:00","dateModified":"2025-01-29T22:55:56+00:00","breadcrumb":{"@id":"https:\/\/www.aikodesign.fr\/en\/produit\/mozaiko-ban-b-lu\/#breadcrumb"},"inLanguage":"en-US","potentialAction":[{"@type":"ReadAction","target":["https:\/\/www.aikodesign.fr\/en\/produit\/mozaiko-ban-b-lu\/"]}]},{"@type":"ImageObject","inLanguage":"en-US","@id":"https:\/\/www.aikodesign.fr\/en\/produit\/mozaiko-ban-b-lu\/#primaryimage","url":"https:\/\/i0.wp.com\/www.aikodesign.fr\/wp-content\/uploads\/2020\/02\/BAN.B.LU-4-scaled.jpg?fit=2560%2C2560&ssl=1","contentUrl":"https:\/\/i0.wp.com\/www.aikodesign.fr\/wp-content\/uploads\/2020\/02\/BAN.B.LU-4-scaled.jpg?fit=2560%2C2560&ssl=1","width":2560,"height":2560},{"@type":"BreadcrumbList","@id":"https:\/\/www.aikodesign.fr\/en\/produit\/mozaiko-ban-b-lu\/#breadcrumb","itemListElement":[{"@type":"ListItem","position":1,"name":"Accueil","item":"https:\/\/www.aikodesign.fr\/en\/shop-2\/"},{"@type":"ListItem","position":2,"name":"Shop","item":"https:\/\/www.aikodesign.fr\/en\/shop-2\/"},{"@type":"ListItem","position":3,"name":"Mozaiko BANBLU"}]},{"@type":"WebSite","@id":"https:\/\/www.aikodesign.fr\/en\/#website","url":"https:\/\/www.aikodesign.fr\/en\/","name":"A\u00efko","description":"Useful and beautiful","publisher":{"@id":"https:\/\/www.aikodesign.fr\/en\/#organization"},"potentialAction":[{"@type":"SearchAction","target":{"@type":"EntryPoint","urlTemplate":"https:\/\/www.aikodesign.fr\/en\/?s={search_term_string}"},"query-input":{"@type":"PropertyValueSpecification","valueRequired":true,"valueName":"search_term_string"}}],"inLanguage":"en-US"},{"@type":"Organization","@id":"https:\/\/www.aikodesign.fr\/en\/#organization","name":"AIKO","url":"https:\/\/www.aikodesign.fr\/en\/","logo":{"@type":"ImageObject","inLanguage":"en-US","@id":"https:\/\/www.aikodesign.fr\/en\/#\/schema\/logo\/image\/","url":"https:\/\/i0.wp.com\/www.aikodesign.fr\/wp-content\/uploads\/2023\/09\/Logo_Aiko_512x512.jpg?fit=512%2C512&ssl=1","contentUrl":"https:\/\/i0.wp.com\/www.aikodesign.fr\/wp-content\/uploads\/2023\/09\/Logo_Aiko_512x512.jpg?fit=512%2C512&ssl=1","width":512,"height":512,"caption":"AIKO"},"image":{"@id":"https:\/\/www.aikodesign.fr\/en\/#\/schema\/logo\/image\/"}}]}},"_links":{"self":[{"href":"https:\/\/www.aikodesign.fr\/en\/wp-json\/wp\/v2\/product\/10041","targetHints":{"allow":["GET"]}}],"collection":[{"href":"https:\/\/www.aikodesign.fr\/en\/wp-json\/wp\/v2\/product"}],"about":[{"href":"https:\/\/www.aikodesign.fr\/en\/wp-json\/wp\/v2\/types\/product"}],"wp:featuredmedia":[{"embeddable":true,"href":"https:\/\/www.aikodesign.fr\/en\/wp-json\/wp\/v2\/media\/10058"}],"wp:attachment":[{"href":"https:\/\/www.aikodesign.fr\/en\/wp-json\/wp\/v2\/media?parent=10041"}],"wp:term":[{"taxonomy":"product_brand","embeddable":true,"href":"https:\/\/www.aikodesign.fr\/en\/wp-json\/wp\/v2\/product_brand?post=10041"},{"taxonomy":"product_cat","embeddable":true,"href":"https:\/\/www.aikodesign.fr\/en\/wp-json\/wp\/v2\/product_cat?post=10041"},{"taxonomy":"product_tag","embeddable":true,"href":"https:\/\/www.aikodesign.fr\/en\/wp-json\/wp\/v2\/product_tag?post=10041"}],"curies":[{"name":"wp","href":"https:\/\/api.w.org\/{rel}","templated":true}]}}